{"id":13,"date":"2019-04-23T23:06:03","date_gmt":"2019-04-23T23:06:03","guid":{"rendered":"http:\/\/bellasartes.edu.py\/?page_id=13"},"modified":"2026-02-09T21:45:26","modified_gmt":"2026-02-09T21:45:26","slug":"mision-y-vision","status":"publish","type":"page","link":"https:\/\/bellasartes.edu.py\/index.php\/mision-y-vision\/","title":{"rendered":"Misi\u00f3n y Visi\u00f3n"},"content":{"rendered":"<p>[et_pb_section fb_built=\u00bb1&#8243; _builder_version=\u00bb4.16&#8243; global_colors_info=\u00bb{}\u00bb][et_pb_row column_structure=\u00bb1_2,1_2&#8243; _builder_version=\u00bb4.26.1&#8243; _module_preset=\u00bbdefault\u00bb global_colors_info=\u00bb{}\u00bb][et_pb_column type=\u00bb1_2&#8243; _builder_version=\u00bb4.26.1&#8243; _module_preset=\u00bbdefault\u00bb global_colors_info=\u00bb{}\u00bb][et_pb_text _builder_version=\u00bb4.26.1&#8243; _module_preset=\u00bbdefault\u00bb global_colors_info=\u00bb{}\u00bb]<\/p>\n<p><strong>MISI\u00d3N INSTITUCIONAL\u00a0\u00a0\u00a0<br \/>TEMIMO\u0128MBY REMBIPOTA<\/strong><\/p>\n<p>\u00a0<span style=\"font-size: 14px;\">Promover la formaci\u00f3n en el arte y profesionales con s\u00f3lidas competencias t\u00e9cnicas, \u00e9ticas y humanas, mediante una gesti\u00f3n educativa participativa y transparente que fortalezca la calidad institucional.<\/span><\/p>\n<p>&nbsp;<\/p>\n<p>[\/et_pb_text][et_pb_image src=\u00bbhttps:\/\/bellasartes.edu.py\/wp-content\/uploads\/2024\/05\/20230426_142414-edited-scaled.jpg\u00bb title_text=\u00bb20230426_142414&#8243; _builder_version=\u00bb4.26.1&#8243; _module_preset=\u00bbdefault\u00bb global_colors_info=\u00bb{}\u00bb][\/et_pb_image][\/et_pb_column][et_pb_column type=\u00bb1_2&#8243; _builder_version=\u00bb4.26.1&#8243; _module_preset=\u00bbdefault\u00bb global_colors_info=\u00bb{}\u00bb][et_pb_image src=\u00bbhttps:\/\/bellasartes.edu.py\/wp-content\/uploads\/2024\/05\/IMG_9557-1-edited-1.jpg\u00bb title_text=\u00bbIMG_9557-1&#8243; _builder_version=\u00bb4.26.1&#8243; _module_preset=\u00bbdefault\u00bb global_colors_info=\u00bb{}\u00bb][\/et_pb_image][et_pb_text _builder_version=\u00bb4.26.1&#8243; _module_preset=\u00bbdefault\u00bb global_colors_info=\u00bb{}\u00bb]<\/p>\n<p><strong>VISI\u00d3N INSTITUCIONAL\u00a0 \u00a0<br \/>TEMIMO\u0128MBY REMBIHECHA<\/strong><\/p>\n<p>\u00a0<span style=\"font-size: 14px;\">Consolidarnos como una instituci\u00f3n l\u00edder en la formaci\u00f3n en el arte y la cultura en el Paraguay, valorada por su excelencia, \u00e9tica y contribuci\u00f3n al desarrollo cultural nacional.<\/span><\/p>\n<p>&nbsp;<\/p>\n<p>[\/et_pb_text][\/et_pb_column][\/et_pb_row][et_pb_row _builder_version=\u00bb4.26.1&#8243; _module_preset=\u00bbdefault\u00bb global_colors_info=\u00bb{}\u00bb][et_pb_column type=\u00bb4_4&#8243; _builder_version=\u00bb4.26.1&#8243; _module_preset=\u00bbdefault\u00bb global_colors_info=\u00bb{}\u00bb][et_pb_text _builder_version=\u00bb4.26.1&#8243; _module_preset=\u00bbdefault\u00bb global_colors_info=\u00bb{}\u00bb]<\/p>\n<p class=\"has-text-align-center\"><strong>.VALORES INSTITUCIONALES<br \/><\/strong><\/p>\n<p><em>Los valores \u00e9ticos que inspiran y soportan la gesti\u00f3n son:<\/em><\/p>\n<p><strong>EFICACIA<\/strong><\/p>\n<ul>\n<li>Capacidad de lograr el resultado que se desea o se espera.<\/li>\n<li>\u00a0Aptitud y actitud para lograr resultados con la m\u00e1xima calidad posible y con la mayor econom\u00eda de recursos.<\/li>\n<li>Optimizamos los recursos disponibles del Instituto Superior de Bellas Artes, para el logro de los fines y objetivos de la educaci\u00f3n Superior paraguaya, evitando la duplicaci\u00f3n de esfuerzos y creando sinergia para incrementar la capacidad de acci\u00f3n de la instituci\u00f3n.<\/li>\n<\/ul>\n<p><strong>INTEGRIDAD<\/strong><\/p>\n<ul>\n<li>Cualidad de ser honesto y tener fuertes principios de rectitud moral.<\/li>\n<li>En el Instituto Superior de Bellas Artes estamos comprometidos con la honestidad y veracidad de nuestras acciones.<\/li>\n<\/ul>\n<p><strong>TRANSPARENCIA<\/strong><\/p>\n<ul>\n<li>Forma de hacer visible la funci\u00f3n p\u00fablica, ejecut\u00e1ndola de acuerdo con las normas constitucionales y legales, aceptando y facilitando que la gesti\u00f3n sea observada en forma directa por los grupos de inter\u00e9s; implica el deber de rendir cuentas de la gesti\u00f3n encomendada.<\/li>\n<li>Suministramos a los interesados en forma oportuna, completa y veraz la informaci\u00f3n que se nos solicita, y rendimos cuentas peri\u00f3dicamente a la sociedad sobre la utilizaci\u00f3n que hemos dado a los recursos p\u00fablicos y los resultados obtenidos en nuestra gesti\u00f3n.<\/li>\n<\/ul>\n<p><strong>COMPROMISO<\/strong><\/p>\n<ul>\n<li>Compartir la misi\u00f3n y visi\u00f3n de la instituci\u00f3n, y orientar las actuaciones personales hacia el logro de los objetivos institucionales.<\/li>\n<li>Reconocemos y asumimos como propias las orientaciones estrat\u00e9gicas del Instituto Superior de Bellas Artes, de manera que dedicamos nuestros mejores esfuerzos en el servicio p\u00fablico hacia el gran objetivo de garantizar una educaci\u00f3n de calidad para toda la poblaci\u00f3n paraguaya.<\/li>\n<\/ul>\n<p><strong>RESPETO<\/strong><\/p>\n<ul>\n<li>Reconocimiento de la legitimidad del otro por ser distinto a uno.<\/li>\n<li>Reconocemos las diferencias individuales e inalienables de funcionarios\/as y de nuestros usuarios, y les brindamos un trato cordial que contribuya a la convivencia arm\u00f3nica.<\/li>\n<\/ul>\n<p><strong>RESPONSABILIDAD<\/strong><\/p>\n<ul>\n<li>Capacidad de reconocer y hacerse cargo de las propias acciones.<\/li>\n<li>Reconocemos las consecuencias de nuestras actuaciones y de sus impactos en los dem\u00e1s y en la Instituci\u00f3n; evaluamos esas consecuencias y tomamos las medidas correctivas pertinentes para alcanzar los objetivos institucionales; y resarcimos o mitigamos en los casos de errores o equivocaciones.<\/li>\n<\/ul>\n<p><strong>CREATIVIDAD<\/strong><\/p>\n<ul>\n<li>Capacidad de crear nuevas ideas o conceptos, que habitualmente producen soluciones originales.<\/li>\n<\/ul>\n<p><strong>SERVICIO<\/strong><\/p>\n<ul>\n<li>Atender y canalizar las necesidades del usuario con amabilidad y calidez.<\/li>\n<li>Atendemos los requerimientos de todos los usuarios del ISBA con amabilidad, calidez y celeridad, sin discriminaciones de ninguna \u00edndole y buscando satisfacer sus necesidades.<\/li>\n<\/ul>\n<p>[\/et_pb_text][\/et_pb_column][\/et_pb_row][\/et_pb_section]<\/p>\n","protected":false},"excerpt":{"rendered":"<p>MISI\u00d3N INSTITUCIONAL\u00a0\u00a0\u00a0TEMIMO\u0128MBY REMBIPOTA \u00a0Promover la formaci\u00f3n en el arte y profesionales con s\u00f3lidas competencias t\u00e9cnicas, \u00e9ticas y humanas, mediante una gesti\u00f3n educativa participativa y transparente que fortalezca la calidad institucional. &nbsp;VISI\u00d3N INSTITUCIONAL\u00a0 \u00a0TEMIMO\u0128MBY REMBIHECHA \u00a0Consolidarnos como una instituci\u00f3n l\u00edder en la formaci\u00f3n en el arte y la cultura en el Paraguay, valorada por su excelencia, [&hellip;]<\/p>\n","protected":false},"author":1,"featured_media":0,"parent":0,"menu_order":0,"comment_status":"closed","ping_status":"closed","template":"","meta":{"_et_pb_use_builder":"on","_et_pb_old_content":"<!-- wp:cover {\"overlayColor\":\"nv-site-bg\",\"align\":\"full\"} -->\n<div class=\"wp-block-cover alignfull is-light\"><span aria-hidden=\"true\" class=\"wp-block-cover__background has-nv-site-bg-background-color has-background-dim-100 has-background-dim\"><\/span><div class=\"wp-block-cover__inner-container\"><!-- wp:spacer {\"height\":\"80px\"} -->\n<div style=\"height:80px\" aria-hidden=\"true\" class=\"wp-block-spacer\"><\/div>\n<!-- \/wp:spacer -->\n\n<!-- wp:columns -->\n<div class=\"wp-block-columns\"><!-- wp:column -->\n<div class=\"wp-block-column\"><!-- wp:image {\"id\":3898,\"sizeSlug\":\"large\",\"linkDestination\":\"none\"} -->\n<figure class=\"wp-block-image size-large\"><img src=\"https:\/\/bellasartes.edu.py\/wp-content\/uploads\/2024\/05\/IMG_9557-1-edited-1.jpg\" alt=\"\" class=\"wp-image-3898\"\/><\/figure>\n<!-- \/wp:image -->\n\n<!-- wp:paragraph -->\n<p><strong>MISI\u00d3N INSTITUCIONAL\u00a0\u00a0\u00a0<br>TEMIMO\u0128MBY REMBIPOTA<\/strong><\/p>\n<!-- \/wp:paragraph -->\n\n<!-- wp:paragraph -->\n<p><em>El ISBA es una instituci\u00f3n superior en Artes y sus tecnolog\u00edas, que forma profesionales capaces de enfrentar un mundo cambiante y competitivo, con creatividad y una actitud de cooperaci\u00f3n emp\u00e1tica con su medio sociocultural.<\/em><\/p>\n<!-- \/wp:paragraph -->\n\n<!-- wp:paragraph -->\n<p><em>ISBA ha\u2019e tet\u00e3remimo\u0129mbyvusu Mba\u2019e\u2019apopor\u00e3mby ha tembiapojegua hesegu\u00e1vape, ohekombo\u2019\u00e9va hemimbo\u2019eku\u00e9rape o\u00f1emopyenda hag\u0303ua ko arapy hekoambue ha o\u00f1oa\u2019\u00e3vape, imba\u2019ae\u2019apopyahu ha omba\u2019apo jokypyt\u00fdva hekoha ha hekotee ndive.<\/em><\/p>\n<!-- \/wp:paragraph --><\/div>\n<!-- \/wp:column -->\n\n<!-- wp:column -->\n<div class=\"wp-block-column\"><!-- wp:paragraph -->\n<p><strong>VISI\u00d3N INSTITUCIONAL\u00a0 \u00a0<br>TEMIMO\u0128MBY REMBIHECHA<\/strong><\/p>\n<!-- \/wp:paragraph -->\n\n<!-- wp:paragraph -->\n<p><em>El ISBA es el referente nacional e internacional en educaci\u00f3n art\u00edstica , l\u00edder en el campo de la formaci\u00f3n, investigaci\u00f3n y extensi\u00f3n de las artes y sus tecnolog\u00edas<\/em><\/p>\n<!-- \/wp:paragraph -->\n\n<!-- wp:paragraph -->\n<p><em>ISBA ha\u2019e Tet\u00e3remimo\u0129mby o\u00f1emomba\u2019eguas\u00fava tet\u00e3py ha tet\u00e3 ambue rehe, ha\u2019ev\u00e9va jehekombo\u2019e, jehapereka ha mba\u2019e\u2019apopor\u00e3mby ha tembiapojegua hesegu\u00e1va \u00f1emyas\u00e3ime.<\/em><\/p>\n<!-- \/wp:paragraph -->\n\n<!-- wp:image {\"id\":3900,\"sizeSlug\":\"large\",\"linkDestination\":\"none\"} -->\n<figure class=\"wp-block-image size-large\"><img src=\"https:\/\/bellasartes.edu.py\/wp-content\/uploads\/2024\/05\/20230426_142414-edited-scaled.jpg\" alt=\"\" class=\"wp-image-3900\"\/><\/figure>\n<!-- \/wp:image --><\/div>\n<!-- \/wp:column --><\/div>\n<!-- \/wp:columns -->\n\n<!-- wp:spacer {\"height\":\"50px\"} -->\n<div style=\"height:50px\" aria-hidden=\"true\" class=\"wp-block-spacer\"><\/div>\n<!-- \/wp:spacer --><\/div><\/div>\n<!-- \/wp:cover -->\n\n<!-- wp:cover {\"overlayColor\":\"nv-light-bg\",\"align\":\"full\"} -->\n<div class=\"wp-block-cover alignfull is-light\"><span aria-hidden=\"true\" class=\"wp-block-cover__background has-nv-light-bg-background-color has-background-dim-100 has-background-dim\"><\/span><div class=\"wp-block-cover__inner-container\"><!-- wp:paragraph {\"align\":\"center\"} -->\n<p class=\"has-text-align-center\"><strong>VALORES INSTITUCIONALES\u00a0\u00a0<br>TEMIMO\u0128MBY REKORAPER\u00c3<\/strong><\/p>\n<!-- \/wp:paragraph -->\n\n<!-- wp:columns -->\n<div class=\"wp-block-columns\"><!-- wp:column -->\n<div class=\"wp-block-column\"><!-- wp:list -->\n<ul><!-- wp:list-item -->\n<li><strong>Reconocimiento del arte y<\/strong>&nbsp;la cultura, como factores dignificantes del ser humano.<br><strong>Mba\u2019e\u2019apopor\u00e3mby ha arandupy \u00f1emomba\u2019eguasu,&nbsp;<\/strong>yvyp\u00f3ra reko moak\u00e3rapu\u2019\u00e3r\u00e3ramo.<\/li>\n<!-- \/wp:list-item -->\n\n<!-- wp:list-item -->\n<li><strong>Respeto<\/strong>&nbsp;a la diversidad con criterio de equidad e inclusi\u00f3n.<br>Tekojoparaeta&nbsp;<strong>\u00f1emomba\u2019eguasu<\/strong>, \u00f1embohekojoja ha jegueroike ryep\u00fdpe.<\/li>\n<!-- \/wp:list-item -->\n\n<!-- wp:list-item -->\n<li><strong>Calidad<\/strong>\u00a0en la docencia\u00a0 y la excelencia educativa.<br>Tekombo\u2019erape\u00a0<strong>mboguatapor\u00e3<\/strong>\u00a0ha jehekombo\u2019e ha\u2019ev\u00e9va.<\/li>\n<!-- \/wp:list-item -->\n\n<!-- wp:list-item -->\n<li><strong>Honestidad y transparencia<\/strong>,\u00a0 en la gesti\u00f3n y en la rendici\u00f3n de cuentas.<br><strong>Tekopot\u0129 ha tembiaposak\u00e3,\u00a0<\/strong>tembiapo \u00f1emboguata ha jehechauk\u00e1pe.<\/li>\n<!-- \/wp:list-item -->\n\n<!-- wp:list-item -->\n<li><strong>Responsabilidad&nbsp;<\/strong>social para el desarrollo y valoraci\u00f3n de las artes.<br><strong>Tekoa\u00f1ete&nbsp;<\/strong>tekoaty ak\u00e3rapu\u2019\u00e3r\u00e3 ha mba\u2019e\u2019apopor\u00e3mby \u00f1emomba\u2019e reheh\u00e1pe.<\/li>\n<!-- \/wp:list-item -->\n\n<!-- wp:list-item -->\n<li>Garant\u00eda de acceso a la\u00a0<strong>informaci\u00f3n\u00a0<\/strong>oportuna, veraz, confiable e ilimitada a la ciudadan\u00eda.<br><strong>Marandu\u00a0<\/strong>hekopepor\u00e3, hi\u2019a\u00f1ete, ijeroviapy ha tekotev\u1ebdh\u00e1icha tet\u00e3ygu\u00e1rape\u00a0 g\u0303uar\u00e3.<\/li>\n<!-- \/wp:list-item --><\/ul>\n<!-- \/wp:list --><\/div>\n<!-- \/wp:column -->\n\n<!-- wp:column -->\n<div class=\"wp-block-column\"><!-- wp:list -->\n<ul><!-- wp:list-item -->\n<li><strong>Eficacia y eficiencia<\/strong>&nbsp;en la gesti\u00f3n de talentos humanos, t\u00e9cnicos, administrativos y financieros.<br><strong>Katupyryreko ha tembiapopor\u00e3&nbsp;<\/strong>mba\u2019apoh\u00e1ra, mba\u2019ekatupyry, tembiapokuatia ha virujeporu \u00f1emongu\u2019\u00e9pe.<\/li>\n<!-- \/wp:list-item --><\/ul>\n<!-- \/wp:list -->\n\n<!-- wp:list -->\n<ul><!-- wp:list-item -->\n<li><strong>Solidaridad, compromiso y cooperaci\u00f3n<\/strong>&nbsp;en el trabajo.<br><strong>Mba\u2019erechakuaa, \u00f1e\u2019\u1ebdme\u2019\u1ebd ha \u00f1opytyv\u00f5<\/strong>&nbsp;tembiapo rend\u00e1pe.<\/li>\n<!-- \/wp:list-item -->\n\n<!-- wp:list-item -->\n<li><strong>Respeto&nbsp;<\/strong>entre los integrantes de la comunidad educativa.<br>Temimo\u0129mby mba\u2019apoh\u00e1raku\u00e9ra&nbsp;<strong>\u00f1omomba\u2019eguasu<\/strong>.<br><\/li>\n<!-- \/wp:list-item -->\n\n<!-- wp:list-item -->\n<li><strong>Creatividad&nbsp;<\/strong>art\u00edstica.<br>Mba\u2019e\u2019apopor\u00e3mby&nbsp;<strong>mohe\u00f1oikuaa.<\/strong><\/li>\n<!-- \/wp:list-item --><\/ul>\n<!-- \/wp:list -->\n\n<!-- wp:list -->\n<ul><!-- wp:list-item -->\n<li><strong>Transparencia en la gesti\u00f3n y la rendici\u00f3n de cuentas<\/strong>&nbsp;permanente a la sociedad.<br><strong>Tembiaposak\u00e3 ha tembiapo jehechauka&nbsp;<\/strong>katui tet\u00e3ygu\u00e1rape.<br><\/li>\n<!-- \/wp:list-item -->\n\n<!-- wp:list-item -->\n<li><strong>Garant\u00eda del acceso a la informaci\u00f3n todos los ciudadanos\/as<\/strong>\u00a0que la requieran y la soliciten formalmente y de acuerdo a lo establecido\u00a0 por las leyes que rigen la materia.<br><strong>Tet\u00e3 marandu jehupyty mayma tet\u00e3ygu\u00e1ra\u00a0<\/strong>oikotev\u1ebdva ha hekopepor\u00e3 ojerur\u00e9vape g\u0303uar\u00e3 ha l\u00e9i hesegu\u00e1vape o\u00f1emboguapyh\u00e1icha.<\/li>\n<!-- \/wp:list-item --><\/ul>\n<!-- \/wp:list --><\/div>\n<!-- \/wp:column --><\/div>\n<!-- \/wp:columns -->\n\n<!-- wp:spacer {\"height\":\"20px\"} -->\n<div style=\"height:20px\" aria-hidden=\"true\" class=\"wp-block-spacer\"><\/div>\n<!-- \/wp:spacer --><\/div><\/div>\n<!-- \/wp:cover -->","_et_gb_content_width":"","inline_featured_image":false,"footnotes":""},"class_list":["post-13","page","type-page","status-publish","hentry"],"yoast_head":"<!-- This site is optimized with the Yoast SEO plugin v27.4 - https:\/\/yoast.com\/product\/yoast-seo-wordpress\/ -->\n<title>Misi\u00f3n y Visi\u00f3n<\/title>\n<meta name=\"description\" content=\"Misi\u00f3n. El ISBA es una instituci\u00f3n superior en Artes y sus tecnolog\u00edas, que forma profesionales capaces de enfrentar un mundo cambiante\" \/>\n<meta name=\"robots\" content=\"index, follow, max-snippet:-1, max-image-preview:large, max-video-preview:-1\" \/>\n<link rel=\"canonical\" href=\"https:\/\/bellasartes.edu.py\/index.php\/mision-y-vision\/\" \/>\n<meta property=\"og:locale\" content=\"es_ES\" \/>\n<meta property=\"og:type\" content=\"article\" \/>\n<meta property=\"og:title\" content=\"Misi\u00f3n y Visi\u00f3n\" \/>\n<meta property=\"og:description\" content=\"Misi\u00f3n. El ISBA es una instituci\u00f3n superior en Artes y sus tecnolog\u00edas, que forma profesionales capaces de enfrentar un mundo cambiante\" \/>\n<meta property=\"og:url\" content=\"https:\/\/bellasartes.edu.py\/index.php\/mision-y-vision\/\" \/>\n<meta property=\"og:site_name\" content=\"Instituto Superior de Bellas Artes\" \/>\n<meta property=\"article:publisher\" content=\"https:\/\/www.facebook.com\/isbaoficial\" \/>\n<meta property=\"article:modified_time\" content=\"2026-02-09T21:45:26+00:00\" \/>\n<meta property=\"og:image\" content=\"https:\/\/bellasartes.edu.py\/wp-content\/uploads\/2024\/07\/transparencia-botones-09.png\" \/>\n\t<meta property=\"og:image:width\" content=\"301\" \/>\n\t<meta property=\"og:image:height\" content=\"301\" \/>\n\t<meta property=\"og:image:type\" content=\"image\/png\" \/>\n<meta name=\"twitter:card\" content=\"summary_large_image\" \/>\n<meta name=\"twitter:label1\" content=\"Tiempo de lectura\" \/>\n\t<meta name=\"twitter:data1\" content=\"3 minutos\" \/>\n<script type=\"application\/ld+json\" class=\"yoast-schema-graph\">{\"@context\":\"https:\\\/\\\/schema.org\",\"@graph\":[{\"@type\":\"WebPage\",\"@id\":\"https:\\\/\\\/bellasartes.edu.py\\\/index.php\\\/mision-y-vision\\\/\",\"url\":\"https:\\\/\\\/bellasartes.edu.py\\\/index.php\\\/mision-y-vision\\\/\",\"name\":\"Misi\u00f3n y Visi\u00f3n\",\"isPartOf\":{\"@id\":\"https:\\\/\\\/bellasartes.edu.py\\\/#website\"},\"datePublished\":\"2019-04-23T23:06:03+00:00\",\"dateModified\":\"2026-02-09T21:45:26+00:00\",\"description\":\"Misi\u00f3n. El ISBA es una instituci\u00f3n superior en Artes y sus tecnolog\u00edas, que forma profesionales capaces de enfrentar un mundo cambiante\",\"breadcrumb\":{\"@id\":\"https:\\\/\\\/bellasartes.edu.py\\\/index.php\\\/mision-y-vision\\\/#breadcrumb\"},\"inLanguage\":\"es\",\"potentialAction\":[{\"@type\":\"ReadAction\",\"target\":[\"https:\\\/\\\/bellasartes.edu.py\\\/index.php\\\/mision-y-vision\\\/\"]}]},{\"@type\":\"BreadcrumbList\",\"@id\":\"https:\\\/\\\/bellasartes.edu.py\\\/index.php\\\/mision-y-vision\\\/#breadcrumb\",\"itemListElement\":[{\"@type\":\"ListItem\",\"position\":1,\"name\":\"Home\",\"item\":\"https:\\\/\\\/bellasartes.edu.py\\\/\"},{\"@type\":\"ListItem\",\"position\":2,\"name\":\"Misi\u00f3n y Visi\u00f3n\"}]},{\"@type\":\"WebSite\",\"@id\":\"https:\\\/\\\/bellasartes.edu.py\\\/#website\",\"url\":\"https:\\\/\\\/bellasartes.edu.py\\\/\",\"name\":\"Instituto Superior de Bellas Artes\",\"description\":\"\",\"publisher\":{\"@id\":\"https:\\\/\\\/bellasartes.edu.py\\\/#organization\"},\"potentialAction\":[{\"@type\":\"SearchAction\",\"target\":{\"@type\":\"EntryPoint\",\"urlTemplate\":\"https:\\\/\\\/bellasartes.edu.py\\\/?s={search_term_string}\"},\"query-input\":{\"@type\":\"PropertyValueSpecification\",\"valueRequired\":true,\"valueName\":\"search_term_string\"}}],\"inLanguage\":\"es\"},{\"@type\":\"Organization\",\"@id\":\"https:\\\/\\\/bellasartes.edu.py\\\/#organization\",\"name\":\"Instituto Superior de Bellas Artes\",\"url\":\"https:\\\/\\\/bellasartes.edu.py\\\/\",\"logo\":{\"@type\":\"ImageObject\",\"inLanguage\":\"es\",\"@id\":\"https:\\\/\\\/bellasartes.edu.py\\\/#\\\/schema\\\/logo\\\/image\\\/\",\"url\":\"https:\\\/\\\/bellasartes.edu.py\\\/wp-content\\\/uploads\\\/2024\\\/03\\\/cropped-imagenes-y-logos_Mesa-de-trabajo-1.png\",\"contentUrl\":\"https:\\\/\\\/bellasartes.edu.py\\\/wp-content\\\/uploads\\\/2024\\\/03\\\/cropped-imagenes-y-logos_Mesa-de-trabajo-1.png\",\"width\":512,\"height\":512,\"caption\":\"Instituto Superior de Bellas Artes\"},\"image\":{\"@id\":\"https:\\\/\\\/bellasartes.edu.py\\\/#\\\/schema\\\/logo\\\/image\\\/\"},\"sameAs\":[\"https:\\\/\\\/www.facebook.com\\\/isbaoficial\",\"https:\\\/\\\/www.instagram.com\\\/bellasartes.py\\\/\",\"https:\\\/\\\/www.linkedin.com\\\/school\\\/74351323\\\/admin\\\/feed\\\/posts\\\/\"]}]}<\/script>\n<!-- \/ Yoast SEO plugin. -->","yoast_head_json":{"title":"Misi\u00f3n y Visi\u00f3n","description":"Misi\u00f3n. El ISBA es una instituci\u00f3n superior en Artes y sus tecnolog\u00edas, que forma profesionales capaces de enfrentar un mundo cambiante","robots":{"index":"index","follow":"follow","max-snippet":"max-snippet:-1","max-image-preview":"max-image-preview:large","max-video-preview":"max-video-preview:-1"},"canonical":"https:\/\/bellasartes.edu.py\/index.php\/mision-y-vision\/","og_locale":"es_ES","og_type":"article","og_title":"Misi\u00f3n y Visi\u00f3n","og_description":"Misi\u00f3n. El ISBA es una instituci\u00f3n superior en Artes y sus tecnolog\u00edas, que forma profesionales capaces de enfrentar un mundo cambiante","og_url":"https:\/\/bellasartes.edu.py\/index.php\/mision-y-vision\/","og_site_name":"Instituto Superior de Bellas Artes","article_publisher":"https:\/\/www.facebook.com\/isbaoficial","article_modified_time":"2026-02-09T21:45:26+00:00","og_image":[{"width":301,"height":301,"url":"https:\/\/bellasartes.edu.py\/wp-content\/uploads\/2024\/07\/transparencia-botones-09.png","type":"image\/png"}],"twitter_card":"summary_large_image","twitter_misc":{"Tiempo de lectura":"3 minutos"},"schema":{"@context":"https:\/\/schema.org","@graph":[{"@type":"WebPage","@id":"https:\/\/bellasartes.edu.py\/index.php\/mision-y-vision\/","url":"https:\/\/bellasartes.edu.py\/index.php\/mision-y-vision\/","name":"Misi\u00f3n y Visi\u00f3n","isPartOf":{"@id":"https:\/\/bellasartes.edu.py\/#website"},"datePublished":"2019-04-23T23:06:03+00:00","dateModified":"2026-02-09T21:45:26+00:00","description":"Misi\u00f3n. El ISBA es una instituci\u00f3n superior en Artes y sus tecnolog\u00edas, que forma profesionales capaces de enfrentar un mundo cambiante","breadcrumb":{"@id":"https:\/\/bellasartes.edu.py\/index.php\/mision-y-vision\/#breadcrumb"},"inLanguage":"es","potentialAction":[{"@type":"ReadAction","target":["https:\/\/bellasartes.edu.py\/index.php\/mision-y-vision\/"]}]},{"@type":"BreadcrumbList","@id":"https:\/\/bellasartes.edu.py\/index.php\/mision-y-vision\/#breadcrumb","itemListElement":[{"@type":"ListItem","position":1,"name":"Home","item":"https:\/\/bellasartes.edu.py\/"},{"@type":"ListItem","position":2,"name":"Misi\u00f3n y Visi\u00f3n"}]},{"@type":"WebSite","@id":"https:\/\/bellasartes.edu.py\/#website","url":"https:\/\/bellasartes.edu.py\/","name":"Instituto Superior de Bellas Artes","description":"","publisher":{"@id":"https:\/\/bellasartes.edu.py\/#organization"},"potentialAction":[{"@type":"SearchAction","target":{"@type":"EntryPoint","urlTemplate":"https:\/\/bellasartes.edu.py\/?s={search_term_string}"},"query-input":{"@type":"PropertyValueSpecification","valueRequired":true,"valueName":"search_term_string"}}],"inLanguage":"es"},{"@type":"Organization","@id":"https:\/\/bellasartes.edu.py\/#organization","name":"Instituto Superior de Bellas Artes","url":"https:\/\/bellasartes.edu.py\/","logo":{"@type":"ImageObject","inLanguage":"es","@id":"https:\/\/bellasartes.edu.py\/#\/schema\/logo\/image\/","url":"https:\/\/bellasartes.edu.py\/wp-content\/uploads\/2024\/03\/cropped-imagenes-y-logos_Mesa-de-trabajo-1.png","contentUrl":"https:\/\/bellasartes.edu.py\/wp-content\/uploads\/2024\/03\/cropped-imagenes-y-logos_Mesa-de-trabajo-1.png","width":512,"height":512,"caption":"Instituto Superior de Bellas Artes"},"image":{"@id":"https:\/\/bellasartes.edu.py\/#\/schema\/logo\/image\/"},"sameAs":["https:\/\/www.facebook.com\/isbaoficial","https:\/\/www.instagram.com\/bellasartes.py\/","https:\/\/www.linkedin.com\/school\/74351323\/admin\/feed\/posts\/"]}]}},"jetpack_sharing_enabled":true,"_links":{"self":[{"href":"https:\/\/bellasartes.edu.py\/index.php\/wp-json\/wp\/v2\/pages\/13","targetHints":{"allow":["GET"]}}],"collection":[{"href":"https:\/\/bellasartes.edu.py\/index.php\/wp-json\/wp\/v2\/pages"}],"about":[{"href":"https:\/\/bellasartes.edu.py\/index.php\/wp-json\/wp\/v2\/types\/page"}],"author":[{"embeddable":true,"href":"https:\/\/bellasartes.edu.py\/index.php\/wp-json\/wp\/v2\/users\/1"}],"replies":[{"embeddable":true,"href":"https:\/\/bellasartes.edu.py\/index.php\/wp-json\/wp\/v2\/comments?post=13"}],"version-history":[{"count":10,"href":"https:\/\/bellasartes.edu.py\/index.php\/wp-json\/wp\/v2\/pages\/13\/revisions"}],"predecessor-version":[{"id":6631,"href":"https:\/\/bellasartes.edu.py\/index.php\/wp-json\/wp\/v2\/pages\/13\/revisions\/6631"}],"wp:attachment":[{"href":"https:\/\/bellasartes.edu.py\/index.php\/wp-json\/wp\/v2\/media?parent=13"}],"curies":[{"name":"wp","href":"https:\/\/api.w.org\/{rel}","templated":true}]}}