{"id":26,"date":"2019-04-23T23:11:26","date_gmt":"2019-04-23T23:11:26","guid":{"rendered":"http:\/\/bellasartes.edu.py\/?page_id=26"},"modified":"2025-11-30T13:52:23","modified_gmt":"2025-11-30T13:52:23","slug":"cedarts","status":"publish","type":"page","link":"https:\/\/bellasartes.edu.py\/index.php\/cedarts\/","title":{"rendered":"CEDARTS"},"content":{"rendered":"<p><img loading=\"lazy\" decoding=\"async\" width=\"1024\" height=\"264\" src=\"http:\/\/bellasartes.edu.py\/wp-content\/uploads\/2025\/11\/CEDARTS-logo-vertical-1024x264.jpg\" alt=\"\" srcset=\"https:\/\/bellasartes.edu.py\/wp-content\/uploads\/2025\/11\/CEDARTS-logo-vertical-1024x264.jpg 1024w, https:\/\/bellasartes.edu.py\/wp-content\/uploads\/2025\/11\/CEDARTS-logo-vertical-300x77.jpg 300w, https:\/\/bellasartes.edu.py\/wp-content\/uploads\/2025\/11\/CEDARTS-logo-vertical-768x198.jpg 768w, https:\/\/bellasartes.edu.py\/wp-content\/uploads\/2025\/11\/CEDARTS-logo-vertical-980x252.jpg 980w, https:\/\/bellasartes.edu.py\/wp-content\/uploads\/2025\/11\/CEDARTS-logo-vertical-480x124.jpg 480w, https:\/\/bellasartes.edu.py\/wp-content\/uploads\/2025\/11\/CEDARTS-logo-vertical-600x154.jpg 600w, https:\/\/bellasartes.edu.py\/wp-content\/uploads\/2025\/11\/CEDARTS-logo-vertical.jpg 1080w\" sizes=\"auto, (max-width: 1024px) 100vw, 1024px\" \/><br \/>\n\t\t\t\t\t\t\t\t\t\t<a href=\"https:\/\/bellasartes.edu.py\/index.php\/escuela-de-artes-literarias-josefina-pla\/\">Escuela de Artes Literarias M\u00e1s Informaci\u00f3n<\/a><a href=\"https:\/\/bellasartes.edu.py\/?s=restauraci%C3%B3n\">Escuela de Restauraci\u00f3nM\u00e1s Informaci\u00f3n<\/a><a href=\"https:\/\/sites.google.com\/bellasartes.edu.py\/galeria-virtual\/cedarts\/escuela-de-danza\">Escuela de DanzaM\u00e1s Informaci\u00f3n<\/a><br \/>\n\t\t\t\t\t<a href=\"https:\/\/forms.gle\/Km2kW4W9PWgaAuWQ6\"><br \/>\n\t\t\t\t\t\t\t\t\t Pre Inscripci\u00f3n<br \/>\n\t\t\t\t\t<\/a><br \/>\n\t\t\t\t\t<a href=\"https:\/\/bellasartes.edu.py\/index.php\/eb-courses\/\"><br \/>\n\t\t\t\t\t\t\t\t\tCursos  Disponibles<br \/>\n\t\t\t\t\t<\/a><br \/>\n\t\t\t\t\t<a href=\"https:\/\/aulavirtual.bellasartes.edu.py\/login\/index.php\"><br \/>\n\t\t\t\t\t\t\t\t\tAcceso Portal<br \/>\n\t\t\t\t\t<\/a><\/p>\n<h1>Sobre Nosotros <\/h1>\n<p >El ISBA, a trav\u00e9s del CEDARTS, impulsa la formaci\u00f3n y el desarrollo art\u00edstico mediante programas y proyectos accesibles para todas las edades.<br \/>\nCEDARTS funciona como un espacio experimental que promueve la educaci\u00f3n art\u00edstica formal y no formal, la investigaci\u00f3n y la extensi\u00f3n acad\u00e9mica en v\u00ednculo con la comunidad.<\/p>\n<figure>\n                    <img loading=\"lazy\" width=\"2560\" height=\"1707\" src=\"http:\/\/bellasartes.edu.py\/wp-content\/uploads\/2025\/11\/MG_5742-scaled.jpg\" alt=\"\" decoding=\"async\" srcset=\"https:\/\/bellasartes.edu.py\/wp-content\/uploads\/2025\/11\/MG_5742-scaled.jpg 2560w, https:\/\/bellasartes.edu.py\/wp-content\/uploads\/2025\/11\/MG_5742-300x200.jpg 300w, https:\/\/bellasartes.edu.py\/wp-content\/uploads\/2025\/11\/MG_5742-1024x683.jpg 1024w, https:\/\/bellasartes.edu.py\/wp-content\/uploads\/2025\/11\/MG_5742-768x512.jpg 768w, https:\/\/bellasartes.edu.py\/wp-content\/uploads\/2025\/11\/MG_5742-1536x1024.jpg 1536w, https:\/\/bellasartes.edu.py\/wp-content\/uploads\/2025\/11\/MG_5742-2048x1365.jpg 2048w, https:\/\/bellasartes.edu.py\/wp-content\/uploads\/2025\/11\/MG_5742-1080x720.jpg 1080w, https:\/\/bellasartes.edu.py\/wp-content\/uploads\/2025\/11\/MG_5742-1280x854.jpg 1280w, https:\/\/bellasartes.edu.py\/wp-content\/uploads\/2025\/11\/MG_5742-980x653.jpg 980w, https:\/\/bellasartes.edu.py\/wp-content\/uploads\/2025\/11\/MG_5742-480x320.jpg 480w, https:\/\/bellasartes.edu.py\/wp-content\/uploads\/2025\/11\/MG_5742-600x400.jpg 600w\" sizes=\"auto, (max-width: 2560px) 100vw, 2560px\" \/><br \/>\n                <\/figure>\n<p>\t\t\t\t\t\t\t\t\t\t\t\t\t\t\t<img loading=\"lazy\" decoding=\"async\" width=\"1121\" height=\"500\" src=\"http:\/\/bellasartes.edu.py\/wp-content\/uploads\/2025\/11\/ISBA.jpg\" alt=\"\" srcset=\"https:\/\/bellasartes.edu.py\/wp-content\/uploads\/2025\/11\/ISBA.jpg 1121w, https:\/\/bellasartes.edu.py\/wp-content\/uploads\/2025\/11\/ISBA-300x134.jpg 300w, https:\/\/bellasartes.edu.py\/wp-content\/uploads\/2025\/11\/ISBA-1024x457.jpg 1024w, https:\/\/bellasartes.edu.py\/wp-content\/uploads\/2025\/11\/ISBA-768x343.jpg 768w, https:\/\/bellasartes.edu.py\/wp-content\/uploads\/2025\/11\/ISBA-1080x482.jpg 1080w, https:\/\/bellasartes.edu.py\/wp-content\/uploads\/2025\/11\/ISBA-980x437.jpg 980w, https:\/\/bellasartes.edu.py\/wp-content\/uploads\/2025\/11\/ISBA-480x214.jpg 480w, https:\/\/bellasartes.edu.py\/wp-content\/uploads\/2025\/11\/ISBA-600x268.jpg 600w\" sizes=\"auto, (max-width: 1121px) 100vw, 1121px\" \/><br \/>\n\t\t\t\t\t\t\t\t\t\t\t\t<a tabindex=\"0\">Misi\u00f3n<\/a><\/p>\n<p>Fortalecer habilidades y capacidades para el desarrollo integral del educando, asumiendo el compromiso de desarrollar la cultura a trav\u00e9s de proyectos art\u00edsticos y compromiso social.<\/p>\n<p>\t\t\t\t\t\t\t\t\t\t\t\t<a tabindex=\"0\">Visi\u00f3n<\/a><\/p>\n<p>Nuestra visi\u00f3n es ser un Centro comprometido con el desarrollo de nuestro pa\u00eds, fomentando la creaci\u00f3n y adecuaci\u00f3n de carreras profesionales en el arte que respondan a necesidades concretas de nuestra sociedad.<\/p>\n<p>\t\t\t\t\t\t\t\t\t\t\t\t<a tabindex=\"0\">Acciones<\/a><\/p>\n<ul>\n<li>Formaci\u00f3n integral de ni\u00f1os-j\u00f3venes y adultos a trav\u00e9s del arte.<\/li>\n<li>Capacitaciones a docentes.<\/li>\n<li>Investigaci\u00f3n y creaci\u00f3n de programas de arte.<\/li>\n<li>Curso \u2013 talleres en todo el pa\u00eds.<\/li>\n<\/ul>\n","protected":false},"excerpt":{"rendered":"<p>Escuela de Artes Literarias M\u00e1s Informaci\u00f3nEscuela de Restauraci\u00f3nM\u00e1s Informaci\u00f3nEscuela de DanzaM\u00e1s Informaci\u00f3n Pre Inscripci\u00f3n Cursos Disponibles Acceso Portal Sobre Nosotros El ISBA, a trav\u00e9s del CEDARTS, impulsa la formaci\u00f3n y el desarrollo art\u00edstico mediante programas y proyectos accesibles para todas las edades. CEDARTS funciona como un espacio experimental que promueve la educaci\u00f3n art\u00edstica formal y [&hellip;]<\/p>\n","protected":false},"author":1,"featured_media":0,"parent":0,"menu_order":0,"comment_status":"closed","ping_status":"closed","template":"","meta":{"_et_pb_use_builder":"on","_et_pb_old_content":"<img width=\"1024\" height=\"264\" src=\"http:\/\/bellasartes.edu.py\/wp-content\/uploads\/2025\/11\/CEDARTS-logo-vertical-1024x264.jpg\" alt=\"\" srcset=\"https:\/\/bellasartes.edu.py\/wp-content\/uploads\/2025\/11\/CEDARTS-logo-vertical-1024x264.jpg 1024w, https:\/\/bellasartes.edu.py\/wp-content\/uploads\/2025\/11\/CEDARTS-logo-vertical-300x77.jpg 300w, https:\/\/bellasartes.edu.py\/wp-content\/uploads\/2025\/11\/CEDARTS-logo-vertical-768x198.jpg 768w, https:\/\/bellasartes.edu.py\/wp-content\/uploads\/2025\/11\/CEDARTS-logo-vertical-980x252.jpg 980w, https:\/\/bellasartes.edu.py\/wp-content\/uploads\/2025\/11\/CEDARTS-logo-vertical-480x124.jpg 480w, https:\/\/bellasartes.edu.py\/wp-content\/uploads\/2025\/11\/CEDARTS-logo-vertical-600x154.jpg 600w, https:\/\/bellasartes.edu.py\/wp-content\/uploads\/2025\/11\/CEDARTS-logo-vertical.jpg 1080w\" sizes=\"(max-width: 1024px) 100vw, 1024px\" \/>\t\t\t\t\t\t\t\t\t\t\t\t\t\t\t\n\t\t\t\t\t\t\t\t\t\tEscuela de Artes Literarias M\u00e1s Informaci\u00f3n<a href=\"https:\/\/bellasartes.edu.py\/?s=restauraci%C3%B3n\">Escuela de Restauraci\u00f3nM\u00e1s Informaci\u00f3n<\/a><a href=\"https:\/\/sites.google.com\/bellasartes.edu.py\/galeria-virtual\/cedarts\/escuela-de-danza\">Escuela de DanzaM\u00e1s Informaci\u00f3n<\/a>\t\t\t\t\n                <h1>Sobre Nosotros <\/h1>\n                                    <p >El ISBA, a trav\u00e9s del CEDARTS, impulsa la formaci\u00f3n y el desarrollo art\u00edstico mediante programas y proyectos accesibles para todas las edades.\nCEDARTS funciona como un espacio experimental que promueve la educaci\u00f3n art\u00edstica formal y no formal, la investigaci\u00f3n y la extensi\u00f3n acad\u00e9mica en v\u00ednculo con la comunidad.<\/p>\n                <figure>\n                    <img width=\"2560\" height=\"1707\" src=\"http:\/\/bellasartes.edu.py\/wp-content\/uploads\/2025\/11\/MG_5742-scaled.jpg\" alt=\"\" decoding=\"async\" srcset=\"https:\/\/bellasartes.edu.py\/wp-content\/uploads\/2025\/11\/MG_5742-scaled.jpg 2560w, https:\/\/bellasartes.edu.py\/wp-content\/uploads\/2025\/11\/MG_5742-300x200.jpg 300w, https:\/\/bellasartes.edu.py\/wp-content\/uploads\/2025\/11\/MG_5742-1024x683.jpg 1024w, https:\/\/bellasartes.edu.py\/wp-content\/uploads\/2025\/11\/MG_5742-768x512.jpg 768w, https:\/\/bellasartes.edu.py\/wp-content\/uploads\/2025\/11\/MG_5742-1536x1024.jpg 1536w, https:\/\/bellasartes.edu.py\/wp-content\/uploads\/2025\/11\/MG_5742-2048x1365.jpg 2048w, https:\/\/bellasartes.edu.py\/wp-content\/uploads\/2025\/11\/MG_5742-1080x720.jpg 1080w, https:\/\/bellasartes.edu.py\/wp-content\/uploads\/2025\/11\/MG_5742-1280x854.jpg 1280w, https:\/\/bellasartes.edu.py\/wp-content\/uploads\/2025\/11\/MG_5742-980x653.jpg 980w, https:\/\/bellasartes.edu.py\/wp-content\/uploads\/2025\/11\/MG_5742-480x320.jpg 480w, https:\/\/bellasartes.edu.py\/wp-content\/uploads\/2025\/11\/MG_5742-600x400.jpg 600w\" sizes=\"(max-width: 2560px) 100vw, 2560px\" \/>\n                <\/figure>\n\t\t\t\t\t<a href=\"https:\/\/forms.gle\/Km2kW4W9PWgaAuWQ6\">\n\t\t\t\t\t\t\t\t\t Pre Inscripci\u00f3n\n\t\t\t\t\t<\/a>\n\t\t\t\t\t<a href=\"#\">\n\t\t\t\t\t\t\t\t\tCursos  Disponibles\n\t\t\t\t\t<\/a>\n\t\t\t\t\t<a href=\"https:\/\/aulavirtual.bellasartes.edu.py\/login\/index.php\">\n\t\t\t\t\t\t\t\t\tAcceso Portal\n\t\t\t\t\t<\/a>\n\t\t\t\t\t\t\t\t\t\t\t\t\t\t\t<img width=\"1121\" height=\"500\" src=\"http:\/\/bellasartes.edu.py\/wp-content\/uploads\/2025\/11\/ISBA.jpg\" alt=\"\" srcset=\"https:\/\/bellasartes.edu.py\/wp-content\/uploads\/2025\/11\/ISBA.jpg 1121w, https:\/\/bellasartes.edu.py\/wp-content\/uploads\/2025\/11\/ISBA-300x134.jpg 300w, https:\/\/bellasartes.edu.py\/wp-content\/uploads\/2025\/11\/ISBA-1024x457.jpg 1024w, https:\/\/bellasartes.edu.py\/wp-content\/uploads\/2025\/11\/ISBA-768x343.jpg 768w, https:\/\/bellasartes.edu.py\/wp-content\/uploads\/2025\/11\/ISBA-1080x482.jpg 1080w, https:\/\/bellasartes.edu.py\/wp-content\/uploads\/2025\/11\/ISBA-980x437.jpg 980w, https:\/\/bellasartes.edu.py\/wp-content\/uploads\/2025\/11\/ISBA-480x214.jpg 480w, https:\/\/bellasartes.edu.py\/wp-content\/uploads\/2025\/11\/ISBA-600x268.jpg 600w\" sizes=\"(max-width: 1121px) 100vw, 1121px\" \/>\t\t\t\t\t\t\t\t\t\t\t\t\t\t\t\n\t\t\t\t\t\t\t\t\t\t\t\t<a tabindex=\"0\">Misi\u00f3n<\/a>\n\t\t\t\t\t<p>Fortalecer habilidades y capacidades para el desarrollo integral del educando, asumiendo el compromiso de desarrollar la cultura a trav\u00e9s de proyectos art\u00edsticos y compromiso social.<\/p>\n\t\t\t\t\t\t\t\t\t\t\t\t<a tabindex=\"0\">Visi\u00f3n<\/a>\n\t\t\t\t\t<p>Nuestra visi\u00f3n es ser un Centro comprometido con el desarrollo de nuestro pa\u00eds, fomentando la creaci\u00f3n y adecuaci\u00f3n de carreras profesionales en el arte que respondan a necesidades concretas de nuestra sociedad.<\/p>\n\t\t\t\t\t\t\t\t\t\t\t\t<a tabindex=\"0\">Acciones<\/a>\n\t\t\t\t\t<ul>\n<li>Formaci\u00f3n integral de ni\u00f1os-j\u00f3venes y adultos a trav\u00e9s del arte.<\/li>\n<li>Capacitaciones a docentes.<\/li>\n<li>Investigaci\u00f3n y creaci\u00f3n de programas de arte.<\/li>\n<li>Curso \u2013 talleres en todo el pa\u00eds.<\/li>\n<\/ul>","_et_gb_content_width":"1080","inline_featured_image":false,"footnotes":""},"class_list":["post-26","page","type-page","status-publish","hentry"],"yoast_head":"<!-- This site is optimized with the Yoast SEO plugin v27.4 - https:\/\/yoast.com\/product\/yoast-seo-wordpress\/ -->\n<title>CEDARTS - Centro Experimental para el Desarrollo de las Artes<\/title>\n<meta name=\"description\" content=\"El CEDARTS est\u00e1 ideado como espacio experimental, impulsando la educaci\u00f3n art\u00edstica formal y no formal, la pr\u00e1ctica investigativa, y la extensi\u00f3n acad\u00e9mica, involucrando las instituciones y la sociedad.\" \/>\n<meta name=\"robots\" content=\"index, follow, max-snippet:-1, max-image-preview:large, max-video-preview:-1\" \/>\n<link rel=\"canonical\" href=\"https:\/\/bellasartes.edu.py\/index.php\/cedarts\/\" \/>\n<meta property=\"og:locale\" content=\"es_ES\" \/>\n<meta property=\"og:type\" content=\"article\" \/>\n<meta property=\"og:title\" content=\"CEDARTS - Centro Experimental para el Desarrollo de las Artes\" \/>\n<meta property=\"og:description\" content=\"El CEDARTS est\u00e1 ideado como espacio experimental, impulsando la educaci\u00f3n art\u00edstica formal y no formal, la pr\u00e1ctica investigativa, y la extensi\u00f3n acad\u00e9mica, involucrando las instituciones y la sociedad.\" \/>\n<meta property=\"og:url\" content=\"https:\/\/bellasartes.edu.py\/index.php\/cedarts\/\" \/>\n<meta property=\"og:site_name\" content=\"Instituto Superior de Bellas Artes\" \/>\n<meta property=\"article:publisher\" content=\"https:\/\/www.facebook.com\/isbaoficial\" \/>\n<meta property=\"article:modified_time\" content=\"2025-11-30T13:52:23+00:00\" \/>\n<meta property=\"og:image\" content=\"https:\/\/bellasartes.edu.py\/wp-content\/uploads\/2024\/07\/transparencia-botones-09.png\" \/>\n\t<meta property=\"og:image:width\" content=\"301\" \/>\n\t<meta property=\"og:image:height\" content=\"301\" \/>\n\t<meta property=\"og:image:type\" content=\"image\/png\" \/>\n<meta name=\"twitter:card\" content=\"summary_large_image\" \/>\n<meta name=\"twitter:label1\" content=\"Tiempo de lectura\" \/>\n\t<meta name=\"twitter:data1\" content=\"1 minuto\" \/>\n<script type=\"application\/ld+json\" class=\"yoast-schema-graph\">{\"@context\":\"https:\\\/\\\/schema.org\",\"@graph\":[{\"@type\":\"WebPage\",\"@id\":\"https:\\\/\\\/bellasartes.edu.py\\\/index.php\\\/cedarts\\\/\",\"url\":\"https:\\\/\\\/bellasartes.edu.py\\\/index.php\\\/cedarts\\\/\",\"name\":\"CEDARTS - Centro Experimental para el Desarrollo de las Artes\",\"isPartOf\":{\"@id\":\"https:\\\/\\\/bellasartes.edu.py\\\/#website\"},\"primaryImageOfPage\":{\"@id\":\"https:\\\/\\\/bellasartes.edu.py\\\/index.php\\\/cedarts\\\/#primaryimage\"},\"image\":{\"@id\":\"https:\\\/\\\/bellasartes.edu.py\\\/index.php\\\/cedarts\\\/#primaryimage\"},\"thumbnailUrl\":\"http:\\\/\\\/bellasartes.edu.py\\\/wp-content\\\/uploads\\\/2025\\\/11\\\/CEDARTS-logo-vertical-1024x264.jpg\",\"datePublished\":\"2019-04-23T23:11:26+00:00\",\"dateModified\":\"2025-11-30T13:52:23+00:00\",\"description\":\"El CEDARTS est\u00e1 ideado como espacio experimental, impulsando la educaci\u00f3n art\u00edstica formal y no formal, la pr\u00e1ctica investigativa, y la extensi\u00f3n acad\u00e9mica, involucrando las instituciones y la sociedad.\",\"breadcrumb\":{\"@id\":\"https:\\\/\\\/bellasartes.edu.py\\\/index.php\\\/cedarts\\\/#breadcrumb\"},\"inLanguage\":\"es\",\"potentialAction\":[{\"@type\":\"ReadAction\",\"target\":[\"https:\\\/\\\/bellasartes.edu.py\\\/index.php\\\/cedarts\\\/\"]}]},{\"@type\":\"ImageObject\",\"inLanguage\":\"es\",\"@id\":\"https:\\\/\\\/bellasartes.edu.py\\\/index.php\\\/cedarts\\\/#primaryimage\",\"url\":\"\",\"contentUrl\":\"\"},{\"@type\":\"BreadcrumbList\",\"@id\":\"https:\\\/\\\/bellasartes.edu.py\\\/index.php\\\/cedarts\\\/#breadcrumb\",\"itemListElement\":[{\"@type\":\"ListItem\",\"position\":1,\"name\":\"Home\",\"item\":\"https:\\\/\\\/bellasartes.edu.py\\\/\"},{\"@type\":\"ListItem\",\"position\":2,\"name\":\"CEDARTS\"}]},{\"@type\":\"WebSite\",\"@id\":\"https:\\\/\\\/bellasartes.edu.py\\\/#website\",\"url\":\"https:\\\/\\\/bellasartes.edu.py\\\/\",\"name\":\"Instituto Superior de Bellas Artes\",\"description\":\"\",\"publisher\":{\"@id\":\"https:\\\/\\\/bellasartes.edu.py\\\/#organization\"},\"potentialAction\":[{\"@type\":\"SearchAction\",\"target\":{\"@type\":\"EntryPoint\",\"urlTemplate\":\"https:\\\/\\\/bellasartes.edu.py\\\/?s={search_term_string}\"},\"query-input\":{\"@type\":\"PropertyValueSpecification\",\"valueRequired\":true,\"valueName\":\"search_term_string\"}}],\"inLanguage\":\"es\"},{\"@type\":\"Organization\",\"@id\":\"https:\\\/\\\/bellasartes.edu.py\\\/#organization\",\"name\":\"Instituto Superior de Bellas Artes\",\"url\":\"https:\\\/\\\/bellasartes.edu.py\\\/\",\"logo\":{\"@type\":\"ImageObject\",\"inLanguage\":\"es\",\"@id\":\"https:\\\/\\\/bellasartes.edu.py\\\/#\\\/schema\\\/logo\\\/image\\\/\",\"url\":\"https:\\\/\\\/bellasartes.edu.py\\\/wp-content\\\/uploads\\\/2024\\\/03\\\/cropped-imagenes-y-logos_Mesa-de-trabajo-1.png\",\"contentUrl\":\"https:\\\/\\\/bellasartes.edu.py\\\/wp-content\\\/uploads\\\/2024\\\/03\\\/cropped-imagenes-y-logos_Mesa-de-trabajo-1.png\",\"width\":512,\"height\":512,\"caption\":\"Instituto Superior de Bellas Artes\"},\"image\":{\"@id\":\"https:\\\/\\\/bellasartes.edu.py\\\/#\\\/schema\\\/logo\\\/image\\\/\"},\"sameAs\":[\"https:\\\/\\\/www.facebook.com\\\/isbaoficial\",\"https:\\\/\\\/www.instagram.com\\\/bellasartes.py\\\/\",\"https:\\\/\\\/www.linkedin.com\\\/school\\\/74351323\\\/admin\\\/feed\\\/posts\\\/\"]}]}<\/script>\n<!-- \/ Yoast SEO plugin. -->","yoast_head_json":{"title":"CEDARTS - Centro Experimental para el Desarrollo de las Artes","description":"El CEDARTS est\u00e1 ideado como espacio experimental, impulsando la educaci\u00f3n art\u00edstica formal y no formal, la pr\u00e1ctica investigativa, y la extensi\u00f3n acad\u00e9mica, involucrando las instituciones y la sociedad.","robots":{"index":"index","follow":"follow","max-snippet":"max-snippet:-1","max-image-preview":"max-image-preview:large","max-video-preview":"max-video-preview:-1"},"canonical":"https:\/\/bellasartes.edu.py\/index.php\/cedarts\/","og_locale":"es_ES","og_type":"article","og_title":"CEDARTS - Centro Experimental para el Desarrollo de las Artes","og_description":"El CEDARTS est\u00e1 ideado como espacio experimental, impulsando la educaci\u00f3n art\u00edstica formal y no formal, la pr\u00e1ctica investigativa, y la extensi\u00f3n acad\u00e9mica, involucrando las instituciones y la sociedad.","og_url":"https:\/\/bellasartes.edu.py\/index.php\/cedarts\/","og_site_name":"Instituto Superior de Bellas Artes","article_publisher":"https:\/\/www.facebook.com\/isbaoficial","article_modified_time":"2025-11-30T13:52:23+00:00","og_image":[{"width":301,"height":301,"url":"https:\/\/bellasartes.edu.py\/wp-content\/uploads\/2024\/07\/transparencia-botones-09.png","type":"image\/png"}],"twitter_card":"summary_large_image","twitter_misc":{"Tiempo de lectura":"1 minuto"},"schema":{"@context":"https:\/\/schema.org","@graph":[{"@type":"WebPage","@id":"https:\/\/bellasartes.edu.py\/index.php\/cedarts\/","url":"https:\/\/bellasartes.edu.py\/index.php\/cedarts\/","name":"CEDARTS - Centro Experimental para el Desarrollo de las Artes","isPartOf":{"@id":"https:\/\/bellasartes.edu.py\/#website"},"primaryImageOfPage":{"@id":"https:\/\/bellasartes.edu.py\/index.php\/cedarts\/#primaryimage"},"image":{"@id":"https:\/\/bellasartes.edu.py\/index.php\/cedarts\/#primaryimage"},"thumbnailUrl":"http:\/\/bellasartes.edu.py\/wp-content\/uploads\/2025\/11\/CEDARTS-logo-vertical-1024x264.jpg","datePublished":"2019-04-23T23:11:26+00:00","dateModified":"2025-11-30T13:52:23+00:00","description":"El CEDARTS est\u00e1 ideado como espacio experimental, impulsando la educaci\u00f3n art\u00edstica formal y no formal, la pr\u00e1ctica investigativa, y la extensi\u00f3n acad\u00e9mica, involucrando las instituciones y la sociedad.","breadcrumb":{"@id":"https:\/\/bellasartes.edu.py\/index.php\/cedarts\/#breadcrumb"},"inLanguage":"es","potentialAction":[{"@type":"ReadAction","target":["https:\/\/bellasartes.edu.py\/index.php\/cedarts\/"]}]},{"@type":"ImageObject","inLanguage":"es","@id":"https:\/\/bellasartes.edu.py\/index.php\/cedarts\/#primaryimage","url":"","contentUrl":""},{"@type":"BreadcrumbList","@id":"https:\/\/bellasartes.edu.py\/index.php\/cedarts\/#breadcrumb","itemListElement":[{"@type":"ListItem","position":1,"name":"Home","item":"https:\/\/bellasartes.edu.py\/"},{"@type":"ListItem","position":2,"name":"CEDARTS"}]},{"@type":"WebSite","@id":"https:\/\/bellasartes.edu.py\/#website","url":"https:\/\/bellasartes.edu.py\/","name":"Instituto Superior de Bellas Artes","description":"","publisher":{"@id":"https:\/\/bellasartes.edu.py\/#organization"},"potentialAction":[{"@type":"SearchAction","target":{"@type":"EntryPoint","urlTemplate":"https:\/\/bellasartes.edu.py\/?s={search_term_string}"},"query-input":{"@type":"PropertyValueSpecification","valueRequired":true,"valueName":"search_term_string"}}],"inLanguage":"es"},{"@type":"Organization","@id":"https:\/\/bellasartes.edu.py\/#organization","name":"Instituto Superior de Bellas Artes","url":"https:\/\/bellasartes.edu.py\/","logo":{"@type":"ImageObject","inLanguage":"es","@id":"https:\/\/bellasartes.edu.py\/#\/schema\/logo\/image\/","url":"https:\/\/bellasartes.edu.py\/wp-content\/uploads\/2024\/03\/cropped-imagenes-y-logos_Mesa-de-trabajo-1.png","contentUrl":"https:\/\/bellasartes.edu.py\/wp-content\/uploads\/2024\/03\/cropped-imagenes-y-logos_Mesa-de-trabajo-1.png","width":512,"height":512,"caption":"Instituto Superior de Bellas Artes"},"image":{"@id":"https:\/\/bellasartes.edu.py\/#\/schema\/logo\/image\/"},"sameAs":["https:\/\/www.facebook.com\/isbaoficial","https:\/\/www.instagram.com\/bellasartes.py\/","https:\/\/www.linkedin.com\/school\/74351323\/admin\/feed\/posts\/"]}]}},"jetpack_sharing_enabled":true,"_links":{"self":[{"href":"https:\/\/bellasartes.edu.py\/index.php\/wp-json\/wp\/v2\/pages\/26","targetHints":{"allow":["GET"]}}],"collection":[{"href":"https:\/\/bellasartes.edu.py\/index.php\/wp-json\/wp\/v2\/pages"}],"about":[{"href":"https:\/\/bellasartes.edu.py\/index.php\/wp-json\/wp\/v2\/types\/page"}],"author":[{"embeddable":true,"href":"https:\/\/bellasartes.edu.py\/index.php\/wp-json\/wp\/v2\/users\/1"}],"replies":[{"embeddable":true,"href":"https:\/\/bellasartes.edu.py\/index.php\/wp-json\/wp\/v2\/comments?post=26"}],"version-history":[{"count":28,"href":"https:\/\/bellasartes.edu.py\/index.php\/wp-json\/wp\/v2\/pages\/26\/revisions"}],"predecessor-version":[{"id":6404,"href":"https:\/\/bellasartes.edu.py\/index.php\/wp-json\/wp\/v2\/pages\/26\/revisions\/6404"}],"wp:attachment":[{"href":"https:\/\/bellasartes.edu.py\/index.php\/wp-json\/wp\/v2\/media?parent=26"}],"curies":[{"name":"wp","href":"https:\/\/api.w.org\/{rel}","templated":true}]}}