{"id":3907,"date":"2024-05-03T21:21:04","date_gmt":"2024-05-03T21:21:04","guid":{"rendered":"https:\/\/bellasartes.edu.py\/?page_id=3907"},"modified":"2024-09-06T16:35:12","modified_gmt":"2024-09-06T16:35:12","slug":"bellas-artes","status":"publish","type":"page","link":"https:\/\/bellasartes.edu.py\/index.php\/bellas-artes\/","title":{"rendered":"Rese\u00f1a hist\u00f3rica"},"content":{"rendered":"\n<div class=\"wp-block-cover is-light\" style=\"min-height:300px;aspect-ratio:unset;\"><span aria-hidden=\"true\" class=\"wp-block-cover__background has-nv-site-bg-background-color has-background-dim-100 has-background-dim\"><\/span><div class=\"wp-block-cover__inner-container is-layout-flow wp-block-cover-is-layout-flow\">\n<p>La Escuela de Bellas Artes fue creada el 26 de abril de 1957, por Resoluci\u00f3n N\u00b0 460 del Consejo Superior Universitario de la Universidad Nacional de Asunci\u00f3n (UNA). Posteriormente, en el a\u00f1o 2000, fue reconocida como instituto superior por el Estado Paraguayo, v\u00eda Ley N\u00b0 1638. Hoy es un ente aut\u00e1rquico.&nbsp;<\/p>\n\n\n\n<p>Los profesores fundadores fueron Don Roberto Holden Jara y Don Pablo Ernesto Alborno W., quienes fueron enviados por el entonces rector de la UNA, Dr. Crisp\u00edn Insaurralde, a Buenos Aires y La Plata (Argentina) para profundizar sobre los programas de estudios en diversas escuelas de bellas artes.&nbsp;<\/p>\n\n\n\n<p>Los fundadores se propusieron el objetivo de la difusi\u00f3n de la cultura art\u00edstica, la formaci\u00f3n de profesionales para la ense\u00f1anza del arte en sus m\u00faltiples manifestaciones, la preparaci\u00f3n y orientaci\u00f3n de futuros artistas y el fomento de iniciativas art\u00edsticas.&nbsp;<\/p>\n\n\n\n<p>Los primeros profesores de la escuela fueron Pablo Alborno W., Dr. H\u00e9ctor B Ruiz, Vicente Pollarolo y Ofelia Echague Vera de Kunos. Posteriormente, se incorporaron otros y se complementaron las diversas ramas de la ense\u00f1anza.&nbsp;<\/p>\n\n\n\n<p>La Escuela de Bellas Artes, desde sus inicios, se dedic\u00f3 a formar profesores, en diferentes ramas. El perfil de egreso era de profesor, si el estudiante concluy\u00f3 el b\u00e1sico; profesor superior, si el alumno hab\u00eda concluido el bachillerato, y para aquellos estudiantes que no finalizaron ning\u00fan nivel, se les otorgaba un certificado de estudio.&nbsp;<\/p>\n\n\n\n<p>En los a\u00f1os \u201970, no se exig\u00eda examen de ingreso previo a la inscripci\u00f3n, excepto para los cursos de Piano, Guitarra y Danza Cl\u00e1sica, para los cuales se admit\u00edan a los alumnos que ya ten\u00edan conocimientos.&nbsp;<\/p>\n\n\n\n<p>Adem\u00e1s, exoner\u00f3 de matr\u00edculas a los hijos de lisiados o mutilados durante la Guerra del Chaco (1932-1935) o por insolvencia. En aquel tiempo, el costo de la matr\u00edcula era de G. 600 por alumno, conforme los informes.<\/p>\n<\/div><\/div>\n\n\n\n<div class=\"wp-block-cover alignfull\" style=\"min-height:560px;aspect-ratio:unset;\"><span aria-hidden=\"true\" class=\"wp-block-cover__background has-background-dim-20 has-background-dim\"><\/span><img loading=\"lazy\" decoding=\"async\" width=\"1920\" height=\"1080\" class=\"wp-block-cover__image-background wp-image-3908\" alt=\"\" src=\"http:\/\/bellasartes.edu.py\/wp-content\/uploads\/2024\/05\/IMG_20240325_124320-1-edited.jpg\" data-object-fit=\"cover\" srcset=\"https:\/\/bellasartes.edu.py\/wp-content\/uploads\/2024\/05\/IMG_20240325_124320-1-edited.jpg 1920w, https:\/\/bellasartes.edu.py\/wp-content\/uploads\/2024\/05\/IMG_20240325_124320-1-edited-600x338.jpg 600w, https:\/\/bellasartes.edu.py\/wp-content\/uploads\/2024\/05\/IMG_20240325_124320-1-edited-300x169.jpg 300w, https:\/\/bellasartes.edu.py\/wp-content\/uploads\/2024\/05\/IMG_20240325_124320-1-edited-1024x576.jpg 1024w, https:\/\/bellasartes.edu.py\/wp-content\/uploads\/2024\/05\/IMG_20240325_124320-1-edited-768x432.jpg 768w, https:\/\/bellasartes.edu.py\/wp-content\/uploads\/2024\/05\/IMG_20240325_124320-1-edited-1536x864.jpg 1536w\" sizes=\"auto, (max-width: 1920px) 100vw, 1920px\" \/><div class=\"wp-block-cover__inner-container is-layout-flow wp-block-cover-is-layout-flow\">\n<p class=\"has-text-align-center has-large-font-size\"><\/p>\n<\/div><\/div>\n\n\n\n<div style=\"height:40px\" aria-hidden=\"true\" class=\"wp-block-spacer\"><\/div>\n\n\n\n<h3 class=\"wp-block-heading\"><strong>Los primeros egresados y la primera colaci\u00f3n<\/strong><\/h3>\n\n\n\n<div class=\"wp-block-cover is-light\" style=\"min-height:300px;aspect-ratio:unset;\"><span aria-hidden=\"true\" class=\"wp-block-cover__background has-nv-site-bg-background-color has-background-dim-100 has-background-dim\"><\/span><div class=\"wp-block-cover__inner-container is-layout-flow wp-block-cover-is-layout-flow\">\n<div class=\"wp-block-columns is-layout-flex wp-container-core-columns-is-layout-9d6595d7 wp-block-columns-is-layout-flex\">\n<div class=\"wp-block-column is-layout-flow wp-block-column-is-layout-flow\">\n<p>Los primeros egresados fueron Isabel Bustamante, Harmodio Soler M\u00e9ndez, Flammari\u00f3n Soler M\u00e9ndez y Emilio Aparici, seg\u00fan las actas de tesis disponible en la instituci\u00f3n, con fecha 3 de abril de 1962. Los examinadores fueron la prof. Ofelia Echague y la secretar\u00eda de la escuela, Sea. Jovina de Oth.&nbsp;<\/p>\n\n\n\n<p>El primer acto de colaci\u00f3n de la escuela se realiz\u00f3 en 1968. El padrino fue el rector de la UNA, Crisp\u00edn Insaurralde y la promoci\u00f3n llev\u00f3 el nombre del pintor \u201cAurelio Garc\u00eda\u201d. Los egresados fueron estudiantes de Artes Pl\u00e1sticas, Danza Cl\u00e1sica y Declamaci\u00f3n: un profesor de nacional, cuatro profesores superiores y once profesores de Artes Pl\u00e1sticas; tres profesores de Danza Cl\u00e1sica y dos profesores de Declamaci\u00f3n.&nbsp;<\/p>\n<\/div>\n\n\n\n<div class=\"wp-block-column is-layout-flow wp-block-column-is-layout-flow\">\n<p class=\"has-neve-text-color-color has-text-color\">El primer director de la Escuela de Bellas Artes fue Roberto Holden Jara (1900-1984). La primera directora y profesora de Danza Cl\u00e1sica fue Gema Frangionni, de nacionalidad italiana. Los primeros maestros que se formaron fueron Horacio Recalde, Mar\u00eda Teresa Ayala, Antonia Roy y Graciela Meza, entre otros.&nbsp;<\/p>\n\n\n\n<p>Al incorporarse la carrera de M\u00fasica, entre los primeros profesores se encuentran Prof. Carmen Almir\u00f3n, quien se encarg\u00f3 de la ense\u00f1anza de Canto y Coro; Prof. Remberto Gim\u00e9nez, Viol\u00edn; Prof. F\u00e1tima Cardozo y Prof. Silva Godoy, guitarra. Adem\u00e1s, los profesores Felipe Sosa, Juan Colm\u00e1n, Luisa G. Bartolozzi, Lisa Arbo de Spinci, entre otros.&nbsp;<\/p>\n<\/div>\n<\/div>\n<\/div><\/div>\n\n\n\n<figure class=\"wp-block-pullquote is-style-default has-border-color has-text-color\" style=\"border-color:var(--nv-light-bg);color:#000000\"><blockquote><p>La Escuela de Bellas Artes que debe ense\u00f1ar arte y ciencia ya se hacen imperiosamente necesarias para impartir dichas disciplinas&#8230;<br>La Escuela de Bellas Artes, como disciplina del esp\u00edritu humano, es justificable en el pa\u00eds, por haber vocaci\u00f3n para cultivarlo.<\/p><cite>Prof. Dr. Crisp\u00edn Insaurralde &#8211; Rector Universidad Nacional de Asunci\u00f3n <\/cite><\/blockquote><\/figure>\n\n\n\n<h3 class=\"wp-block-heading\"><strong>Los primeros egresados y la primera colaci\u00f3n<\/strong> de Bellas Artes<\/h3>\n\n\n\n<p>Los primeros egresados Instituto Superior de Bellas Artes fueron Isabel Bustamante, Harmodio Soler M\u00e9ndez, Flammari\u00f3n Soler M\u00e9ndez y Emilio Aparici, seg\u00fan las actas de tesis disponible en la instituci\u00f3n, con fecha 3 de abril de 1962. Los examinadores fueron la prof. Ofelia Echague y la secretar\u00eda de la escuela, Sea. Jovina de Oth.\u00a0<\/p>\n\n\n\n<p>El primer acto de colaci\u00f3n de la escuela se realiz\u00f3 en 1968. El padrino fue el rector de la UNA, Crisp\u00edn Insaurralde y la promoci\u00f3n llev\u00f3 el nombre del pintor \u201cAurelio Garc\u00eda\u201d. Los egresados fueron estudiantes de Artes Pl\u00e1sticas, Danza Cl\u00e1sica y Declamaci\u00f3n: un profesor de nacional, cuatro profesores superiores y once profesores de Artes Pl\u00e1sticas; tres profesores de Danza Cl\u00e1sica y dos profesores de Declamaci\u00f3n.&nbsp;<\/p>\n\n\n\n<p>El primer director de la Escuela de Bellas Artes fue Roberto Holden Jara (1900-1984). La primera directora y profesora de Danza Cl\u00e1sica fue Gema Frangionni, de nacionalidad italiana. Los primeros maestros que se formaron fueron Horacio Recalde, Mar\u00eda Teresa Ayala, Antonia Roy y Graciela Meza, entre otros.&nbsp;<\/p>\n\n\n\n<p>Al incorporarse la carrera de M\u00fasica, entre los primeros profesores se encuentran Prof. Carmen Almir\u00f3n, quien se encarg\u00f3 de la ense\u00f1anza de Canto y Coro; Prof. Remberto Gim\u00e9nez, Viol\u00edn; Prof. F\u00e1tima Cardozo y Prof. Silva Godoy, guitarra. Adem\u00e1s, los profesores Felipe Sosa, Juan Colm\u00e1n, Luisa G. Bartolozzi, Lisa Arbo de Spinci, entre otros.<\/p>\n\n\n\n<div class=\"wp-block-cover alignfull\" style=\"min-height:560px;aspect-ratio:unset;\"><span aria-hidden=\"true\" class=\"wp-block-cover__background has-background-dim-20 has-background-dim\"><\/span><img loading=\"lazy\" decoding=\"async\" width=\"1920\" height=\"1080\" class=\"wp-block-cover__image-background wp-image-3719\" alt=\"\" src=\"http:\/\/bellasartes.edu.py\/wp-content\/uploads\/2024\/03\/DSC06709.jpg\" data-object-fit=\"cover\" srcset=\"https:\/\/bellasartes.edu.py\/wp-content\/uploads\/2024\/03\/DSC06709.jpg 1920w, https:\/\/bellasartes.edu.py\/wp-content\/uploads\/2024\/03\/DSC06709-600x338.jpg 600w, https:\/\/bellasartes.edu.py\/wp-content\/uploads\/2024\/03\/DSC06709-300x169.jpg 300w, https:\/\/bellasartes.edu.py\/wp-content\/uploads\/2024\/03\/DSC06709-1024x576.jpg 1024w, https:\/\/bellasartes.edu.py\/wp-content\/uploads\/2024\/03\/DSC06709-768x432.jpg 768w, https:\/\/bellasartes.edu.py\/wp-content\/uploads\/2024\/03\/DSC06709-1536x864.jpg 1536w\" sizes=\"auto, (max-width: 1920px) 100vw, 1920px\" \/><div class=\"wp-block-cover__inner-container is-layout-flow wp-block-cover-is-layout-flow\">\n<p class=\"has-text-align-center has-large-font-size\"><\/p>\n<\/div><\/div>\n\n\n\n<h3 class=\"wp-block-heading\"><strong>Innovaciones<\/strong> de Bellas Artes<\/h3>\n\n\n\n<p>En el a\u00f1o 1997, el departamento de M\u00fasica se separa de la Escuela Nacional de Bellas Artes para formar una unidad acad\u00e9mica independiente, y as\u00ed surgi\u00f3 el actual Conservatorio Nacional de M\u00fasica.&nbsp;<\/p>\n\n\n\n<p>En el a\u00f1o 1991, el curso de Declamaci\u00f3n, a cargo de la Prof. Gloria Gavil\u00e1n Calcena de Bordenave, pasa a convertirse en una materia del departamento de Teatro, el cual se encontraba bajo la coordinaci\u00f3n de la Prof. Heddy Gonz\u00e1lez Frutos. La prof. Erenia L\u00f3pez hab\u00eda elaborado la malla curricular para la formaci\u00f3n de actores, actrices y docentes del \u00e1rea.&nbsp;<\/p>\n\n\n\n<h3 class=\"wp-block-heading\"><strong>Mudanzas y dependencias<\/strong> de Bellas Artes<\/h3>\n\n\n\n<p>En el transcurso del tiempo, Instituto Superior de Bellas Artes se ha mudado de sedes en varias ocasiones, as\u00ed como de\u00a0 los organismos del cual depend\u00eda.<\/p>\n\n\n\n<p>En sus inicios, en 1957, se ubicaba en la calle R\u00edo de Janeiro casi Mujer de la Conquista, luego se traslad\u00f3 a unas cuadras del sitio, en R\u00edo de Janeiro casi Per\u00fa y m\u00e1s tarde, sobre la Avda. Gral. Santos, al lado del Club de Suboficiales de las Fuerzas Armadas (FFAA). Tiempo despu\u00e9s, se ubic\u00f3 sobre la Avda. Espa\u00f1a esq. EEUU, y en EEUU casi Cerro Cor\u00e1, luego en Fulgencio R. Moreno esq. Iturbe. Hasta que finalmente, en el a\u00f1o 1996, se mud\u00f3 al local propio, en el a\u00f1o 1996, la sede actual, ubicada en Pr\u00f3ceres de Mayo casi Ana D\u00edaz.&nbsp;<\/p>\n\n\n\n<p>En medio de estas mudanzas, se desarrollaban constantes reformas, como que en el a\u00f1o 1986, la Escuela de Bellas Artes se desprende de la UNA y depende del Ministerio de Educaci\u00f3n y Cultura (MEC). Al a\u00f1o siguiente, pasa nuevamente bajo la UNA.&nbsp; En el a\u00f1o 1989, con la creaci\u00f3n de las subsecretar\u00edas de Cultura, la escuela pas\u00f3 a depender del Viceministerio de Cultura y luego, al Viceministerio de Educaci\u00f3n Superior del MEC.&nbsp;<\/p>\n\n\n\n<p>Posteriormente, en el a\u00f1o 2013, con la promulgaci\u00f3n de la Ley N\u00b0 4995 estipul\u00f3 que los institutos superiores ser\u00e1n creados por ley a propuesta del Poder Ejecutivo o de entidades privadas o mixtas. El Congreso autorizar\u00e1 el funcionamiento de los mismos, previo dictamen favorable del Consejo Nacional de Educaci\u00f3n Superior (CONES).<\/p>\n\n\n\n<p>De esta manera, se transform\u00f3 la escuela en Instituto Superior de Bellas Artes (ISBA), como se lo conoce hoy. Se trata del instituto de formaci\u00f3n del arte m\u00e1s antiguo del Paraguay.<\/p>\n\n\n\n<p><em><strong>Fuente: <\/strong>Informes anuales de la escuela dirigidos a la UNA y archivos del ISBA.<\/em><\/p>\n","protected":false},"excerpt":{"rendered":"<p>Los primeros egresados y la primera colaci\u00f3n La Escuela de Bellas Artes que debe ense\u00f1ar arte y ciencia ya se hacen imperiosamente necesarias para impartir dichas disciplinas&#8230;La Escuela de Bellas Artes, como disciplina del esp\u00edritu humano, es justificable en el pa\u00eds, por haber vocaci\u00f3n para cultivarlo. Prof. Dr. Crisp\u00edn Insaurralde &#8211; Rector Universidad Nacional de [&hellip;]<\/p>\n","protected":false},"author":3,"featured_media":0,"parent":0,"menu_order":0,"comment_status":"closed","ping_status":"closed","template":"","meta":{"_et_pb_use_builder":"","_et_pb_old_content":"","_et_gb_content_width":"","inline_featured_image":false,"footnotes":""},"class_list":["post-3907","page","type-page","status-publish","hentry"],"yoast_head":"<!-- This site is optimized with the Yoast SEO plugin v27.4 - https:\/\/yoast.com\/product\/yoast-seo-wordpress\/ -->\n<title>Bellas Artes<\/title>\n<meta name=\"description\" content=\"Breve rese\u00f1a hist\u00f3rica del Instituto Superior de Bellas Artes del Paraguay, aqu\u00ed podr\u00e1s apreciar nuestros primeros pasos.\" \/>\n<meta name=\"robots\" content=\"index, follow, max-snippet:-1, max-image-preview:large, max-video-preview:-1\" \/>\n<link rel=\"canonical\" href=\"https:\/\/bellasartes.edu.py\/index.php\/bellas-artes\/\" \/>\n<meta property=\"og:locale\" content=\"es_ES\" \/>\n<meta property=\"og:type\" content=\"article\" \/>\n<meta property=\"og:title\" content=\"Bellas Artes\" \/>\n<meta property=\"og:description\" content=\"Breve rese\u00f1a hist\u00f3rica del Instituto Superior de Bellas Artes del Paraguay, aqu\u00ed podr\u00e1s apreciar nuestros primeros pasos.\" \/>\n<meta property=\"og:url\" content=\"https:\/\/bellasartes.edu.py\/index.php\/bellas-artes\/\" \/>\n<meta property=\"og:site_name\" content=\"Instituto Superior de Bellas Artes\" \/>\n<meta property=\"article:publisher\" content=\"https:\/\/www.facebook.com\/isbaoficial\" \/>\n<meta property=\"article:modified_time\" content=\"2024-09-06T16:35:12+00:00\" \/>\n<meta property=\"og:image\" content=\"http:\/\/bellasartes.edu.py\/wp-content\/uploads\/2024\/05\/IMG_20240325_124320-1-edited.jpg\" \/>\n<meta name=\"twitter:card\" content=\"summary_large_image\" \/>\n<meta name=\"twitter:label1\" content=\"Tiempo de lectura\" \/>\n\t<meta name=\"twitter:data1\" content=\"7 minutos\" \/>\n<script type=\"application\/ld+json\" class=\"yoast-schema-graph\">{\"@context\":\"https:\\\/\\\/schema.org\",\"@graph\":[{\"@type\":\"WebPage\",\"@id\":\"https:\\\/\\\/bellasartes.edu.py\\\/index.php\\\/bellas-artes\\\/\",\"url\":\"https:\\\/\\\/bellasartes.edu.py\\\/index.php\\\/bellas-artes\\\/\",\"name\":\"Bellas Artes\",\"isPartOf\":{\"@id\":\"https:\\\/\\\/bellasartes.edu.py\\\/#website\"},\"primaryImageOfPage\":{\"@id\":\"https:\\\/\\\/bellasartes.edu.py\\\/index.php\\\/bellas-artes\\\/#primaryimage\"},\"image\":{\"@id\":\"https:\\\/\\\/bellasartes.edu.py\\\/index.php\\\/bellas-artes\\\/#primaryimage\"},\"thumbnailUrl\":\"http:\\\/\\\/bellasartes.edu.py\\\/wp-content\\\/uploads\\\/2024\\\/05\\\/IMG_20240325_124320-1-edited.jpg\",\"datePublished\":\"2024-05-03T21:21:04+00:00\",\"dateModified\":\"2024-09-06T16:35:12+00:00\",\"description\":\"Breve rese\u00f1a hist\u00f3rica del Instituto Superior de Bellas Artes del Paraguay, aqu\u00ed podr\u00e1s apreciar nuestros primeros pasos.\",\"breadcrumb\":{\"@id\":\"https:\\\/\\\/bellasartes.edu.py\\\/index.php\\\/bellas-artes\\\/#breadcrumb\"},\"inLanguage\":\"es\",\"potentialAction\":[{\"@type\":\"ReadAction\",\"target\":[\"https:\\\/\\\/bellasartes.edu.py\\\/index.php\\\/bellas-artes\\\/\"]}]},{\"@type\":\"ImageObject\",\"inLanguage\":\"es\",\"@id\":\"https:\\\/\\\/bellasartes.edu.py\\\/index.php\\\/bellas-artes\\\/#primaryimage\",\"url\":\"https:\\\/\\\/bellasartes.edu.py\\\/wp-content\\\/uploads\\\/2024\\\/05\\\/IMG_20240325_124320-1-edited.jpg\",\"contentUrl\":\"https:\\\/\\\/bellasartes.edu.py\\\/wp-content\\\/uploads\\\/2024\\\/05\\\/IMG_20240325_124320-1-edited.jpg\",\"width\":1920,\"height\":1080},{\"@type\":\"BreadcrumbList\",\"@id\":\"https:\\\/\\\/bellasartes.edu.py\\\/index.php\\\/bellas-artes\\\/#breadcrumb\",\"itemListElement\":[{\"@type\":\"ListItem\",\"position\":1,\"name\":\"Home\",\"item\":\"https:\\\/\\\/bellasartes.edu.py\\\/\"},{\"@type\":\"ListItem\",\"position\":2,\"name\":\"Rese\u00f1a hist\u00f3rica\"}]},{\"@type\":\"WebSite\",\"@id\":\"https:\\\/\\\/bellasartes.edu.py\\\/#website\",\"url\":\"https:\\\/\\\/bellasartes.edu.py\\\/\",\"name\":\"Instituto Superior de Bellas Artes\",\"description\":\"\",\"publisher\":{\"@id\":\"https:\\\/\\\/bellasartes.edu.py\\\/#organization\"},\"potentialAction\":[{\"@type\":\"SearchAction\",\"target\":{\"@type\":\"EntryPoint\",\"urlTemplate\":\"https:\\\/\\\/bellasartes.edu.py\\\/?s={search_term_string}\"},\"query-input\":{\"@type\":\"PropertyValueSpecification\",\"valueRequired\":true,\"valueName\":\"search_term_string\"}}],\"inLanguage\":\"es\"},{\"@type\":\"Organization\",\"@id\":\"https:\\\/\\\/bellasartes.edu.py\\\/#organization\",\"name\":\"Instituto Superior de Bellas Artes\",\"url\":\"https:\\\/\\\/bellasartes.edu.py\\\/\",\"logo\":{\"@type\":\"ImageObject\",\"inLanguage\":\"es\",\"@id\":\"https:\\\/\\\/bellasartes.edu.py\\\/#\\\/schema\\\/logo\\\/image\\\/\",\"url\":\"https:\\\/\\\/bellasartes.edu.py\\\/wp-content\\\/uploads\\\/2024\\\/03\\\/cropped-imagenes-y-logos_Mesa-de-trabajo-1.png\",\"contentUrl\":\"https:\\\/\\\/bellasartes.edu.py\\\/wp-content\\\/uploads\\\/2024\\\/03\\\/cropped-imagenes-y-logos_Mesa-de-trabajo-1.png\",\"width\":512,\"height\":512,\"caption\":\"Instituto Superior de Bellas Artes\"},\"image\":{\"@id\":\"https:\\\/\\\/bellasartes.edu.py\\\/#\\\/schema\\\/logo\\\/image\\\/\"},\"sameAs\":[\"https:\\\/\\\/www.facebook.com\\\/isbaoficial\",\"https:\\\/\\\/www.instagram.com\\\/bellasartes.py\\\/\",\"https:\\\/\\\/www.linkedin.com\\\/school\\\/74351323\\\/admin\\\/feed\\\/posts\\\/\"]}]}<\/script>\n<!-- \/ Yoast SEO plugin. -->","yoast_head_json":{"title":"Bellas Artes","description":"Breve rese\u00f1a hist\u00f3rica del Instituto Superior de Bellas Artes del Paraguay, aqu\u00ed podr\u00e1s apreciar nuestros primeros pasos.","robots":{"index":"index","follow":"follow","max-snippet":"max-snippet:-1","max-image-preview":"max-image-preview:large","max-video-preview":"max-video-preview:-1"},"canonical":"https:\/\/bellasartes.edu.py\/index.php\/bellas-artes\/","og_locale":"es_ES","og_type":"article","og_title":"Bellas Artes","og_description":"Breve rese\u00f1a hist\u00f3rica del Instituto Superior de Bellas Artes del Paraguay, aqu\u00ed podr\u00e1s apreciar nuestros primeros pasos.","og_url":"https:\/\/bellasartes.edu.py\/index.php\/bellas-artes\/","og_site_name":"Instituto Superior de Bellas Artes","article_publisher":"https:\/\/www.facebook.com\/isbaoficial","article_modified_time":"2024-09-06T16:35:12+00:00","og_image":[{"url":"http:\/\/bellasartes.edu.py\/wp-content\/uploads\/2024\/05\/IMG_20240325_124320-1-edited.jpg","type":"","width":"","height":""}],"twitter_card":"summary_large_image","twitter_misc":{"Tiempo de lectura":"7 minutos"},"schema":{"@context":"https:\/\/schema.org","@graph":[{"@type":"WebPage","@id":"https:\/\/bellasartes.edu.py\/index.php\/bellas-artes\/","url":"https:\/\/bellasartes.edu.py\/index.php\/bellas-artes\/","name":"Bellas Artes","isPartOf":{"@id":"https:\/\/bellasartes.edu.py\/#website"},"primaryImageOfPage":{"@id":"https:\/\/bellasartes.edu.py\/index.php\/bellas-artes\/#primaryimage"},"image":{"@id":"https:\/\/bellasartes.edu.py\/index.php\/bellas-artes\/#primaryimage"},"thumbnailUrl":"http:\/\/bellasartes.edu.py\/wp-content\/uploads\/2024\/05\/IMG_20240325_124320-1-edited.jpg","datePublished":"2024-05-03T21:21:04+00:00","dateModified":"2024-09-06T16:35:12+00:00","description":"Breve rese\u00f1a hist\u00f3rica del Instituto Superior de Bellas Artes del Paraguay, aqu\u00ed podr\u00e1s apreciar nuestros primeros pasos.","breadcrumb":{"@id":"https:\/\/bellasartes.edu.py\/index.php\/bellas-artes\/#breadcrumb"},"inLanguage":"es","potentialAction":[{"@type":"ReadAction","target":["https:\/\/bellasartes.edu.py\/index.php\/bellas-artes\/"]}]},{"@type":"ImageObject","inLanguage":"es","@id":"https:\/\/bellasartes.edu.py\/index.php\/bellas-artes\/#primaryimage","url":"https:\/\/bellasartes.edu.py\/wp-content\/uploads\/2024\/05\/IMG_20240325_124320-1-edited.jpg","contentUrl":"https:\/\/bellasartes.edu.py\/wp-content\/uploads\/2024\/05\/IMG_20240325_124320-1-edited.jpg","width":1920,"height":1080},{"@type":"BreadcrumbList","@id":"https:\/\/bellasartes.edu.py\/index.php\/bellas-artes\/#breadcrumb","itemListElement":[{"@type":"ListItem","position":1,"name":"Home","item":"https:\/\/bellasartes.edu.py\/"},{"@type":"ListItem","position":2,"name":"Rese\u00f1a hist\u00f3rica"}]},{"@type":"WebSite","@id":"https:\/\/bellasartes.edu.py\/#website","url":"https:\/\/bellasartes.edu.py\/","name":"Instituto Superior de Bellas Artes","description":"","publisher":{"@id":"https:\/\/bellasartes.edu.py\/#organization"},"potentialAction":[{"@type":"SearchAction","target":{"@type":"EntryPoint","urlTemplate":"https:\/\/bellasartes.edu.py\/?s={search_term_string}"},"query-input":{"@type":"PropertyValueSpecification","valueRequired":true,"valueName":"search_term_string"}}],"inLanguage":"es"},{"@type":"Organization","@id":"https:\/\/bellasartes.edu.py\/#organization","name":"Instituto Superior de Bellas Artes","url":"https:\/\/bellasartes.edu.py\/","logo":{"@type":"ImageObject","inLanguage":"es","@id":"https:\/\/bellasartes.edu.py\/#\/schema\/logo\/image\/","url":"https:\/\/bellasartes.edu.py\/wp-content\/uploads\/2024\/03\/cropped-imagenes-y-logos_Mesa-de-trabajo-1.png","contentUrl":"https:\/\/bellasartes.edu.py\/wp-content\/uploads\/2024\/03\/cropped-imagenes-y-logos_Mesa-de-trabajo-1.png","width":512,"height":512,"caption":"Instituto Superior de Bellas Artes"},"image":{"@id":"https:\/\/bellasartes.edu.py\/#\/schema\/logo\/image\/"},"sameAs":["https:\/\/www.facebook.com\/isbaoficial","https:\/\/www.instagram.com\/bellasartes.py\/","https:\/\/www.linkedin.com\/school\/74351323\/admin\/feed\/posts\/"]}]}},"jetpack_sharing_enabled":true,"_links":{"self":[{"href":"https:\/\/bellasartes.edu.py\/index.php\/wp-json\/wp\/v2\/pages\/3907","targetHints":{"allow":["GET"]}}],"collection":[{"href":"https:\/\/bellasartes.edu.py\/index.php\/wp-json\/wp\/v2\/pages"}],"about":[{"href":"https:\/\/bellasartes.edu.py\/index.php\/wp-json\/wp\/v2\/types\/page"}],"author":[{"embeddable":true,"href":"https:\/\/bellasartes.edu.py\/index.php\/wp-json\/wp\/v2\/users\/3"}],"replies":[{"embeddable":true,"href":"https:\/\/bellasartes.edu.py\/index.php\/wp-json\/wp\/v2\/comments?post=3907"}],"version-history":[{"count":6,"href":"https:\/\/bellasartes.edu.py\/index.php\/wp-json\/wp\/v2\/pages\/3907\/revisions"}],"predecessor-version":[{"id":4874,"href":"https:\/\/bellasartes.edu.py\/index.php\/wp-json\/wp\/v2\/pages\/3907\/revisions\/4874"}],"wp:attachment":[{"href":"https:\/\/bellasartes.edu.py\/index.php\/wp-json\/wp\/v2\/media?parent=3907"}],"curies":[{"name":"wp","href":"https:\/\/api.w.org\/{rel}","templated":true}]}}