{"id":3940,"date":"2024-05-16T20:11:52","date_gmt":"2024-05-16T20:11:52","guid":{"rendered":"https:\/\/bellasartes.edu.py\/?page_id=3940"},"modified":"2024-09-06T16:39:42","modified_gmt":"2024-09-06T16:39:42","slug":"protocolos-institucionales","status":"publish","type":"page","link":"https:\/\/bellasartes.edu.py\/index.php\/protocolos-institucionales\/","title":{"rendered":"Protocolos Institucionales"},"content":{"rendered":"\n<div style=\"height:80px\" aria-hidden=\"true\" class=\"wp-block-spacer\"><\/div>\n\n\n\n<div class=\"wp-block-columns is-layout-flex wp-container-core-columns-is-layout-9d6595d7 wp-block-columns-is-layout-flex\">\n<div class=\"wp-block-column is-layout-flow wp-block-column-is-layout-flow\">\n<figure class=\"wp-block-image aligncenter size-large\"><img loading=\"lazy\" decoding=\"async\" width=\"1024\" height=\"576\" src=\"https:\/\/bellasartes.edu.py\/wp-content\/uploads\/2024\/05\/protocolo-isba-01-1024x576.png\" alt=\"\" class=\"wp-image-3941\" srcset=\"https:\/\/bellasartes.edu.py\/wp-content\/uploads\/2024\/05\/protocolo-isba-01-1024x576.png 1024w, https:\/\/bellasartes.edu.py\/wp-content\/uploads\/2024\/05\/protocolo-isba-01-600x337.png 600w, https:\/\/bellasartes.edu.py\/wp-content\/uploads\/2024\/05\/protocolo-isba-01-300x169.png 300w, https:\/\/bellasartes.edu.py\/wp-content\/uploads\/2024\/05\/protocolo-isba-01-768x432.png 768w, https:\/\/bellasartes.edu.py\/wp-content\/uploads\/2024\/05\/protocolo-isba-01-1536x864.png 1536w, https:\/\/bellasartes.edu.py\/wp-content\/uploads\/2024\/05\/protocolo-isba-01.png 1800w\" sizes=\"auto, (max-width: 1024px) 100vw, 1024px\" \/><\/figure>\n\n\n\n<h3 class=\"wp-block-heading has-text-align-center\">Protocolo de actuaci\u00f3n ante casos de violencia laboral, con perspectiva de g\u00e9nero, en el sector p\u00fablico.<\/h3>\n\n\n\n<p class=\"has-text-align-center\">Resoluci\u00f3n ISBA N.\u00ba 349\/2023<\/p>\n\n\n\n<div class=\"wp-block-buttons is-horizontal is-content-justification-center is-layout-flex wp-container-core-buttons-is-layout-499968f5 wp-block-buttons-is-layout-flex\">\n<div class=\"wp-block-button is-style-primary\"><a class=\"wp-block-button__link wp-element-button\" href=\"https:\/\/drive.google.com\/file\/d\/15n8fQ3BXJglx3aIlbqWhoqCUXSoy3j1q\/view?usp=sharing\" target=\"_blank\" rel=\"noreferrer noopener\">Leer m\u00e1s<\/a><\/div>\n<\/div>\n\n\n\n<div style=\"height:40px\" aria-hidden=\"true\" class=\"wp-block-spacer\"><\/div>\n<\/div>\n\n\n\n<div class=\"wp-block-column is-layout-flow wp-block-column-is-layout-flow\">\n<figure class=\"wp-block-image aligncenter size-large\"><img loading=\"lazy\" decoding=\"async\" width=\"1024\" height=\"576\" src=\"https:\/\/bellasartes.edu.py\/wp-content\/uploads\/2024\/05\/plan-de-mejoramiento-01-1024x576.png\" alt=\"\" class=\"wp-image-3942\" srcset=\"https:\/\/bellasartes.edu.py\/wp-content\/uploads\/2024\/05\/plan-de-mejoramiento-01-1024x576.png 1024w, https:\/\/bellasartes.edu.py\/wp-content\/uploads\/2024\/05\/plan-de-mejoramiento-01-600x337.png 600w, https:\/\/bellasartes.edu.py\/wp-content\/uploads\/2024\/05\/plan-de-mejoramiento-01-300x169.png 300w, https:\/\/bellasartes.edu.py\/wp-content\/uploads\/2024\/05\/plan-de-mejoramiento-01-768x432.png 768w, https:\/\/bellasartes.edu.py\/wp-content\/uploads\/2024\/05\/plan-de-mejoramiento-01-1536x864.png 1536w, https:\/\/bellasartes.edu.py\/wp-content\/uploads\/2024\/05\/plan-de-mejoramiento-01.png 1800w\" sizes=\"auto, (max-width: 1024px) 100vw, 1024px\" \/><\/figure>\n\n\n\n<h3 class=\"wp-block-heading has-text-align-center\">Plan de Mejoramiento 2023<\/h3>\n\n\n\n<p class=\"has-text-align-center\">La Contralor\u00eda General de la Rep\u00fablica en<br>el marco de Auditorias de Cumplimiento,<br>realiz\u00f3 en el Instituto Superior de Bellas<br>Artes del periodo 2022.<\/p>\n\n\n\n<div class=\"wp-block-buttons is-horizontal is-content-justification-center is-layout-flex wp-container-core-buttons-is-layout-499968f5 wp-block-buttons-is-layout-flex\">\n<div class=\"wp-block-button is-style-primary\"><a class=\"wp-block-button__link wp-element-button\" href=\"https:\/\/drive.google.com\/file\/d\/1c3IeAE6nhkl2cNGrjtjfMe-NMftYSyy0\/view?usp=sharing\">Leer m\u00e1s<\/a><\/div>\n<\/div>\n\n\n\n<div style=\"height:40px\" aria-hidden=\"true\" class=\"wp-block-spacer\"><\/div>\n<\/div>\n<\/div>\n\n\n\n<div style=\"height:80px\" aria-hidden=\"true\" class=\"wp-block-spacer\"><\/div>\n","protected":false},"excerpt":{"rendered":"<p>Protocolo de actuaci\u00f3n ante casos de violencia laboral, con perspectiva de g\u00e9nero, en el sector p\u00fablico. Resoluci\u00f3n ISBA N.\u00ba 349\/2023 Plan de Mejoramiento 2023 La Contralor\u00eda General de la Rep\u00fablica enel marco de Auditorias de Cumplimiento,realiz\u00f3 en el Instituto Superior de BellasArtes del periodo 2022.<\/p>\n","protected":false},"author":3,"featured_media":0,"parent":0,"menu_order":0,"comment_status":"closed","ping_status":"closed","template":"","meta":{"_et_pb_use_builder":"","_et_pb_old_content":"","_et_gb_content_width":"","inline_featured_image":false,"footnotes":""},"class_list":["post-3940","page","type-page","status-publish","hentry"],"yoast_head":"<!-- This site is optimized with the Yoast SEO plugin v27.3 - https:\/\/yoast.com\/product\/yoast-seo-wordpress\/ -->\n<title>Protocolos Institucionales<\/title>\n<meta name=\"description\" content=\"Consulta los protocolos institucionales del Instituto Superior de Bellas Artes para una gesti\u00f3n eficaz y profesional.\" \/>\n<meta name=\"robots\" content=\"index, follow, max-snippet:-1, max-image-preview:large, max-video-preview:-1\" \/>\n<link rel=\"canonical\" href=\"https:\/\/bellasartes.edu.py\/index.php\/protocolos-institucionales\/\" \/>\n<meta property=\"og:locale\" content=\"es_ES\" \/>\n<meta property=\"og:type\" content=\"article\" \/>\n<meta property=\"og:title\" content=\"Protocolos Institucionales\" \/>\n<meta property=\"og:description\" content=\"Consulta los protocolos institucionales del Instituto Superior de Bellas Artes para una gesti\u00f3n eficaz y profesional.\" \/>\n<meta property=\"og:url\" content=\"https:\/\/bellasartes.edu.py\/index.php\/protocolos-institucionales\/\" \/>\n<meta property=\"og:site_name\" content=\"Instituto Superior de Bellas Artes\" \/>\n<meta property=\"article:publisher\" content=\"https:\/\/www.facebook.com\/isbaoficial\" \/>\n<meta property=\"article:modified_time\" content=\"2024-09-06T16:39:42+00:00\" \/>\n<meta property=\"og:image\" content=\"https:\/\/bellasartes.edu.py\/wp-content\/uploads\/2024\/05\/protocolo-isba-01-1024x576.png\" \/>\n<meta name=\"twitter:card\" content=\"summary_large_image\" \/>\n<script type=\"application\/ld+json\" class=\"yoast-schema-graph\">{\"@context\":\"https:\\\/\\\/schema.org\",\"@graph\":[{\"@type\":\"WebPage\",\"@id\":\"https:\\\/\\\/bellasartes.edu.py\\\/index.php\\\/protocolos-institucionales\\\/\",\"url\":\"https:\\\/\\\/bellasartes.edu.py\\\/index.php\\\/protocolos-institucionales\\\/\",\"name\":\"Protocolos Institucionales\",\"isPartOf\":{\"@id\":\"https:\\\/\\\/bellasartes.edu.py\\\/#website\"},\"primaryImageOfPage\":{\"@id\":\"https:\\\/\\\/bellasartes.edu.py\\\/index.php\\\/protocolos-institucionales\\\/#primaryimage\"},\"image\":{\"@id\":\"https:\\\/\\\/bellasartes.edu.py\\\/index.php\\\/protocolos-institucionales\\\/#primaryimage\"},\"thumbnailUrl\":\"https:\\\/\\\/bellasartes.edu.py\\\/wp-content\\\/uploads\\\/2024\\\/05\\\/protocolo-isba-01-1024x576.png\",\"datePublished\":\"2024-05-16T20:11:52+00:00\",\"dateModified\":\"2024-09-06T16:39:42+00:00\",\"description\":\"Consulta los protocolos institucionales del Instituto Superior de Bellas Artes para una gesti\u00f3n eficaz y profesional.\",\"breadcrumb\":{\"@id\":\"https:\\\/\\\/bellasartes.edu.py\\\/index.php\\\/protocolos-institucionales\\\/#breadcrumb\"},\"inLanguage\":\"es\",\"potentialAction\":[{\"@type\":\"ReadAction\",\"target\":[\"https:\\\/\\\/bellasartes.edu.py\\\/index.php\\\/protocolos-institucionales\\\/\"]}]},{\"@type\":\"ImageObject\",\"inLanguage\":\"es\",\"@id\":\"https:\\\/\\\/bellasartes.edu.py\\\/index.php\\\/protocolos-institucionales\\\/#primaryimage\",\"url\":\"https:\\\/\\\/bellasartes.edu.py\\\/wp-content\\\/uploads\\\/2024\\\/05\\\/protocolo-isba-01.png\",\"contentUrl\":\"https:\\\/\\\/bellasartes.edu.py\\\/wp-content\\\/uploads\\\/2024\\\/05\\\/protocolo-isba-01.png\",\"width\":1800,\"height\":1012},{\"@type\":\"BreadcrumbList\",\"@id\":\"https:\\\/\\\/bellasartes.edu.py\\\/index.php\\\/protocolos-institucionales\\\/#breadcrumb\",\"itemListElement\":[{\"@type\":\"ListItem\",\"position\":1,\"name\":\"Home\",\"item\":\"https:\\\/\\\/bellasartes.edu.py\\\/\"},{\"@type\":\"ListItem\",\"position\":2,\"name\":\"Protocolos Institucionales\"}]},{\"@type\":\"WebSite\",\"@id\":\"https:\\\/\\\/bellasartes.edu.py\\\/#website\",\"url\":\"https:\\\/\\\/bellasartes.edu.py\\\/\",\"name\":\"Instituto Superior de Bellas Artes\",\"description\":\"\",\"publisher\":{\"@id\":\"https:\\\/\\\/bellasartes.edu.py\\\/#organization\"},\"potentialAction\":[{\"@type\":\"SearchAction\",\"target\":{\"@type\":\"EntryPoint\",\"urlTemplate\":\"https:\\\/\\\/bellasartes.edu.py\\\/?s={search_term_string}\"},\"query-input\":{\"@type\":\"PropertyValueSpecification\",\"valueRequired\":true,\"valueName\":\"search_term_string\"}}],\"inLanguage\":\"es\"},{\"@type\":\"Organization\",\"@id\":\"https:\\\/\\\/bellasartes.edu.py\\\/#organization\",\"name\":\"Instituto Superior de Bellas Artes\",\"url\":\"https:\\\/\\\/bellasartes.edu.py\\\/\",\"logo\":{\"@type\":\"ImageObject\",\"inLanguage\":\"es\",\"@id\":\"https:\\\/\\\/bellasartes.edu.py\\\/#\\\/schema\\\/logo\\\/image\\\/\",\"url\":\"https:\\\/\\\/bellasartes.edu.py\\\/wp-content\\\/uploads\\\/2024\\\/03\\\/cropped-imagenes-y-logos_Mesa-de-trabajo-1.png\",\"contentUrl\":\"https:\\\/\\\/bellasartes.edu.py\\\/wp-content\\\/uploads\\\/2024\\\/03\\\/cropped-imagenes-y-logos_Mesa-de-trabajo-1.png\",\"width\":512,\"height\":512,\"caption\":\"Instituto Superior de Bellas Artes\"},\"image\":{\"@id\":\"https:\\\/\\\/bellasartes.edu.py\\\/#\\\/schema\\\/logo\\\/image\\\/\"},\"sameAs\":[\"https:\\\/\\\/www.facebook.com\\\/isbaoficial\",\"https:\\\/\\\/www.instagram.com\\\/bellasartes.py\\\/\",\"https:\\\/\\\/www.linkedin.com\\\/school\\\/74351323\\\/admin\\\/feed\\\/posts\\\/\"]}]}<\/script>\n<!-- \/ Yoast SEO plugin. -->","yoast_head_json":{"title":"Protocolos Institucionales","description":"Consulta los protocolos institucionales del Instituto Superior de Bellas Artes para una gesti\u00f3n eficaz y profesional.","robots":{"index":"index","follow":"follow","max-snippet":"max-snippet:-1","max-image-preview":"max-image-preview:large","max-video-preview":"max-video-preview:-1"},"canonical":"https:\/\/bellasartes.edu.py\/index.php\/protocolos-institucionales\/","og_locale":"es_ES","og_type":"article","og_title":"Protocolos Institucionales","og_description":"Consulta los protocolos institucionales del Instituto Superior de Bellas Artes para una gesti\u00f3n eficaz y profesional.","og_url":"https:\/\/bellasartes.edu.py\/index.php\/protocolos-institucionales\/","og_site_name":"Instituto Superior de Bellas Artes","article_publisher":"https:\/\/www.facebook.com\/isbaoficial","article_modified_time":"2024-09-06T16:39:42+00:00","og_image":[{"url":"https:\/\/bellasartes.edu.py\/wp-content\/uploads\/2024\/05\/protocolo-isba-01-1024x576.png","type":"","width":"","height":""}],"twitter_card":"summary_large_image","schema":{"@context":"https:\/\/schema.org","@graph":[{"@type":"WebPage","@id":"https:\/\/bellasartes.edu.py\/index.php\/protocolos-institucionales\/","url":"https:\/\/bellasartes.edu.py\/index.php\/protocolos-institucionales\/","name":"Protocolos Institucionales","isPartOf":{"@id":"https:\/\/bellasartes.edu.py\/#website"},"primaryImageOfPage":{"@id":"https:\/\/bellasartes.edu.py\/index.php\/protocolos-institucionales\/#primaryimage"},"image":{"@id":"https:\/\/bellasartes.edu.py\/index.php\/protocolos-institucionales\/#primaryimage"},"thumbnailUrl":"https:\/\/bellasartes.edu.py\/wp-content\/uploads\/2024\/05\/protocolo-isba-01-1024x576.png","datePublished":"2024-05-16T20:11:52+00:00","dateModified":"2024-09-06T16:39:42+00:00","description":"Consulta los protocolos institucionales del Instituto Superior de Bellas Artes para una gesti\u00f3n eficaz y profesional.","breadcrumb":{"@id":"https:\/\/bellasartes.edu.py\/index.php\/protocolos-institucionales\/#breadcrumb"},"inLanguage":"es","potentialAction":[{"@type":"ReadAction","target":["https:\/\/bellasartes.edu.py\/index.php\/protocolos-institucionales\/"]}]},{"@type":"ImageObject","inLanguage":"es","@id":"https:\/\/bellasartes.edu.py\/index.php\/protocolos-institucionales\/#primaryimage","url":"https:\/\/bellasartes.edu.py\/wp-content\/uploads\/2024\/05\/protocolo-isba-01.png","contentUrl":"https:\/\/bellasartes.edu.py\/wp-content\/uploads\/2024\/05\/protocolo-isba-01.png","width":1800,"height":1012},{"@type":"BreadcrumbList","@id":"https:\/\/bellasartes.edu.py\/index.php\/protocolos-institucionales\/#breadcrumb","itemListElement":[{"@type":"ListItem","position":1,"name":"Home","item":"https:\/\/bellasartes.edu.py\/"},{"@type":"ListItem","position":2,"name":"Protocolos Institucionales"}]},{"@type":"WebSite","@id":"https:\/\/bellasartes.edu.py\/#website","url":"https:\/\/bellasartes.edu.py\/","name":"Instituto Superior de Bellas Artes","description":"","publisher":{"@id":"https:\/\/bellasartes.edu.py\/#organization"},"potentialAction":[{"@type":"SearchAction","target":{"@type":"EntryPoint","urlTemplate":"https:\/\/bellasartes.edu.py\/?s={search_term_string}"},"query-input":{"@type":"PropertyValueSpecification","valueRequired":true,"valueName":"search_term_string"}}],"inLanguage":"es"},{"@type":"Organization","@id":"https:\/\/bellasartes.edu.py\/#organization","name":"Instituto Superior de Bellas Artes","url":"https:\/\/bellasartes.edu.py\/","logo":{"@type":"ImageObject","inLanguage":"es","@id":"https:\/\/bellasartes.edu.py\/#\/schema\/logo\/image\/","url":"https:\/\/bellasartes.edu.py\/wp-content\/uploads\/2024\/03\/cropped-imagenes-y-logos_Mesa-de-trabajo-1.png","contentUrl":"https:\/\/bellasartes.edu.py\/wp-content\/uploads\/2024\/03\/cropped-imagenes-y-logos_Mesa-de-trabajo-1.png","width":512,"height":512,"caption":"Instituto Superior de Bellas Artes"},"image":{"@id":"https:\/\/bellasartes.edu.py\/#\/schema\/logo\/image\/"},"sameAs":["https:\/\/www.facebook.com\/isbaoficial","https:\/\/www.instagram.com\/bellasartes.py\/","https:\/\/www.linkedin.com\/school\/74351323\/admin\/feed\/posts\/"]}]}},"jetpack_sharing_enabled":true,"_links":{"self":[{"href":"https:\/\/bellasartes.edu.py\/index.php\/wp-json\/wp\/v2\/pages\/3940","targetHints":{"allow":["GET"]}}],"collection":[{"href":"https:\/\/bellasartes.edu.py\/index.php\/wp-json\/wp\/v2\/pages"}],"about":[{"href":"https:\/\/bellasartes.edu.py\/index.php\/wp-json\/wp\/v2\/types\/page"}],"author":[{"embeddable":true,"href":"https:\/\/bellasartes.edu.py\/index.php\/wp-json\/wp\/v2\/users\/3"}],"replies":[{"embeddable":true,"href":"https:\/\/bellasartes.edu.py\/index.php\/wp-json\/wp\/v2\/comments?post=3940"}],"version-history":[{"count":2,"href":"https:\/\/bellasartes.edu.py\/index.php\/wp-json\/wp\/v2\/pages\/3940\/revisions"}],"predecessor-version":[{"id":3944,"href":"https:\/\/bellasartes.edu.py\/index.php\/wp-json\/wp\/v2\/pages\/3940\/revisions\/3944"}],"wp:attachment":[{"href":"https:\/\/bellasartes.edu.py\/index.php\/wp-json\/wp\/v2\/media?parent=3940"}],"curies":[{"name":"wp","href":"https:\/\/api.w.org\/{rel}","templated":true}]}}