{"id":4086,"date":"2024-07-11T01:57:56","date_gmt":"2024-07-11T01:57:56","guid":{"rendered":"https:\/\/bellasartes.edu.py\/?page_id=4086"},"modified":"2024-07-26T15:28:10","modified_gmt":"2024-07-26T15:28:10","slug":"libros-en-biblioteca","status":"publish","type":"page","link":"https:\/\/bellasartes.edu.py\/index.php\/libros-en-biblioteca\/","title":{"rendered":"Libros de Dise\u00f1o Gr\u00e1fico"},"content":{"rendered":"\n[et_pb_section fb_built=\u00bb1&#8243; _builder_version=\u00bb4.26.1&#8243; _module_preset=\u00bbdefault\u00bb global_colors_info=\u00bb{}\u00bb][et_pb_row _builder_version=\u00bb4.26.1&#8243; _module_preset=\u00bbdefault\u00bb global_colors_info=\u00bb{}\u00bb][et_pb_column type=\u00bb4_4&#8243; _builder_version=\u00bb4.26.1&#8243; _module_preset=\u00bbdefault\u00bb global_colors_info=\u00bb{}\u00bb][et_pb_heading title=\u00bbLibros de Dise\u00f1o, se ampl\u00eda el acervo de libros para la carrera de dise\u00f1o gr\u00e1fico.\u00bb _builder_version=\u00bb4.26.1&#8243; _module_preset=\u00bbdefault\u00bb title_font_size=\u00bb41px\u00bb global_colors_info=\u00bb{}\u00bb][\/et_pb_heading][et_pb_image src=\u00bbhttp:\/\/bellasartes.edu.py\/wp-content\/uploads\/2024\/07\/MG_5759.jpg\u00bb _builder_version=\u00bb4.26.1&#8243; _module_preset=\u00bbdefault\u00bb title_text=\u00bb_MG_5759&#8243; hover_enabled=\u00bb0&#8243; sticky_enabled=\u00bb0&#8243;][\/et_pb_image][et_pb_text _builder_version=\u00bb4.26.1&#8243; _module_preset=\u00bbdefault\u00bb text_font_size=\u00bb20px\u00bb text_line_height=\u00bb1.8em\u00bb global_colors_info=\u00bb{}\u00bb]<p>El pasado 20 de junio la biblioteca del Instituto Superior de bellas artes recibi\u00f3 la donaci\u00f3n de 48 libros por parte del <em><strong>Director General de la Instituci\u00f3n, Magister Osvaldo Olivera.<\/strong><\/em><br \/>El volumen de libros aumenta considerablemente el acervo disponible para la carrera de dise\u00f1o gr\u00e1fico, requisito fundamental en el proceso de actualizaci\u00f3n y acreditaci\u00f3n de la carrera. La colecci\u00f3n incluye los siguientes t\u00edtulos:<\/p>[\/et_pb_text][\/et_pb_column][\/et_pb_row][et_pb_row _builder_version=\u00bb4.26.1&#8243; _module_preset=\u00bbdefault\u00bb global_colors_info=\u00bb{}\u00bb][et_pb_column type=\u00bb4_4&#8243; _builder_version=\u00bb4.26.1&#8243; _module_preset=\u00bbdefault\u00bb global_colors_info=\u00bb{}\u00bb][et_pb_shop show_pagination=\u00bbon\u00bb show_price=\u00bboff\u00bb show_rating=\u00bboff\u00bb show_sale_badge=\u00bboff\u00bb _builder_version=\u00bb4.26.1&#8243; _module_preset=\u00bbdefault\u00bb title_font=\u00bb|700|||||||\u00bb title_font_size=\u00bb18px\u00bb text_orientation=\u00bbcenter\u00bb global_colors_info=\u00bb{}\u00bb][\/et_pb_shop][\/et_pb_column][\/et_pb_row][\/et_pb_section]\n","protected":false},"excerpt":{"rendered":"<p>Consulta los libros de Dise\u00f1o Grafico disponibles en nuestra biblioteca del Instituto Superior de Bellas Artes<\/p>\n","protected":false},"author":3,"featured_media":4647,"parent":0,"menu_order":0,"comment_status":"closed","ping_status":"closed","template":"elementor_theme","meta":{"_et_pb_use_builder":"on","_et_pb_old_content":"<!-- wp:paragraph -->\n<p>\u00a1Explora nuestra colecci\u00f3n de libros! Todos los libros disponibles en nuestra p\u00e1gina web pueden ser consultados de manera presencial en la biblioteca del Instituto Superior de Bellas Artes (ISBA). Sum\u00e9rgete en un vasto repertorio de recursos educativos y literarios que complementar\u00e1n tu experiencia acad\u00e9mica y creativa. Vis\u00edtanos en persona para acceder a una fuente inagotable de conocimiento y disfrutar de un ambiente propicio para el aprendizaje y la investigaci\u00f3n art\u00edstica.<\/p>\n<!-- \/wp:paragraph -->\n\n<!-- wp:woocommerce\/all-products {\"columns\":3,\"rows\":3,\"alignButtons\":false,\"contentVisibility\":{\"orderBy\":true},\"orderby\":\"date\",\"layoutConfig\":[[\"woocommerce\/product-image\",{\"imageSizing\":\"thumbnail\"}],[\"woocommerce\/product-title\"],[\"woocommerce\/product-price\"],[\"woocommerce\/product-rating\"],[\"woocommerce\/product-button\"]]} -->\n<div class=\"wp-block-woocommerce-all-products wc-block-all-products\" data-attributes=\"{&quot;alignButtons&quot;:false,&quot;columns&quot;:3,&quot;contentVisibility&quot;:{&quot;orderBy&quot;:true},&quot;isPreview&quot;:false,&quot;layoutConfig&quot;:[[&quot;woocommerce\/product-image&quot;,{&quot;imageSizing&quot;:&quot;thumbnail&quot;}],[&quot;woocommerce\/product-title&quot;],[&quot;woocommerce\/product-price&quot;],[&quot;woocommerce\/product-rating&quot;],[&quot;woocommerce\/product-button&quot;]],&quot;orderby&quot;:&quot;date&quot;,&quot;rows&quot;:3}\"><\/div>\n<!-- \/wp:woocommerce\/all-products -->\n\n<!-- wp:columns -->\n<div class=\"wp-block-columns\"><!-- wp:column -->\n<div class=\"wp-block-column\"><!-- wp:search {\"label\":\"Buscar\",\"placeholder\":\"Buscar productos...\",\"buttonText\":\"Buscar\",\"query\":{\"post_type\":\"product\"}} \/--><\/div>\n<!-- \/wp:column -->\n\n<!-- wp:column -->\n<div class=\"wp-block-column\"><!-- wp:woocommerce\/product-categories \/--><\/div>\n<!-- \/wp:column --><\/div>\n<!-- \/wp:columns -->","_et_gb_content_width":"1625","inline_featured_image":false,"footnotes":""},"class_list":["post-4086","page","type-page","status-publish","has-post-thumbnail","hentry"],"yoast_head":"<!-- This site is optimized with the Yoast SEO plugin v27.3 - https:\/\/yoast.com\/product\/yoast-seo-wordpress\/ -->\n<title>Libros de Dise\u00f1o Gr\u00e1fico - Instituto Superior de Bellas Artes<\/title>\n<meta name=\"description\" content=\"Consulta los libros de Dise\u00f1o Grafico disponibles en nuestra biblioteca del Instituto Superior de Bellas Artes\" \/>\n<meta name=\"robots\" content=\"index, follow, max-snippet:-1, max-image-preview:large, max-video-preview:-1\" \/>\n<link rel=\"canonical\" href=\"https:\/\/bellasartes.edu.py\/index.php\/libros-en-biblioteca\/\" \/>\n<meta property=\"og:locale\" content=\"es_ES\" \/>\n<meta property=\"og:type\" content=\"article\" \/>\n<meta property=\"og:title\" content=\"Libros de Dise\u00f1o Gr\u00e1fico - Instituto Superior de Bellas Artes\" \/>\n<meta property=\"og:description\" content=\"Consulta los libros de Dise\u00f1o Grafico disponibles en nuestra biblioteca del Instituto Superior de Bellas Artes\" \/>\n<meta property=\"og:url\" content=\"https:\/\/bellasartes.edu.py\/index.php\/libros-en-biblioteca\/\" \/>\n<meta property=\"og:site_name\" content=\"Instituto Superior de Bellas Artes\" \/>\n<meta property=\"article:publisher\" content=\"https:\/\/www.facebook.com\/isbaoficial\" \/>\n<meta property=\"article:modified_time\" content=\"2024-07-26T15:28:10+00:00\" \/>\n<meta property=\"og:image\" content=\"https:\/\/bellasartes.edu.py\/wp-content\/uploads\/2024\/07\/MG_5759-1024x819.jpg\" \/>\n<meta name=\"twitter:card\" content=\"summary_large_image\" \/>\n<meta name=\"twitter:image\" content=\"https:\/\/bellasartes.edu.py\/wp-content\/uploads\/2024\/07\/MG_5759-1024x819.jpg\" \/>\n<meta name=\"twitter:label1\" content=\"Tiempo de lectura\" \/>\n\t<meta name=\"twitter:data1\" content=\"1 minuto\" \/>\n<script type=\"application\/ld+json\" class=\"yoast-schema-graph\">{\"@context\":\"https:\\\/\\\/schema.org\",\"@graph\":[{\"@type\":\"WebPage\",\"@id\":\"https:\\\/\\\/bellasartes.edu.py\\\/index.php\\\/libros-en-biblioteca\\\/\",\"url\":\"https:\\\/\\\/bellasartes.edu.py\\\/index.php\\\/libros-en-biblioteca\\\/\",\"name\":\"Libros de Dise\u00f1o Gr\u00e1fico - Instituto Superior de Bellas Artes\",\"isPartOf\":{\"@id\":\"https:\\\/\\\/bellasartes.edu.py\\\/#website\"},\"primaryImageOfPage\":{\"@id\":\"https:\\\/\\\/bellasartes.edu.py\\\/index.php\\\/libros-en-biblioteca\\\/#primaryimage\"},\"image\":{\"@id\":\"https:\\\/\\\/bellasartes.edu.py\\\/index.php\\\/libros-en-biblioteca\\\/#primaryimage\"},\"thumbnailUrl\":\"https:\\\/\\\/bellasartes.edu.py\\\/wp-content\\\/uploads\\\/2024\\\/07\\\/MG_5759-1024x819.jpg\",\"datePublished\":\"2024-07-11T01:57:56+00:00\",\"dateModified\":\"2024-07-26T15:28:10+00:00\",\"description\":\"Consulta los libros de Dise\u00f1o Grafico disponibles en nuestra biblioteca del Instituto Superior de Bellas Artes\",\"breadcrumb\":{\"@id\":\"https:\\\/\\\/bellasartes.edu.py\\\/index.php\\\/libros-en-biblioteca\\\/#breadcrumb\"},\"inLanguage\":\"es\",\"potentialAction\":[{\"@type\":\"ReadAction\",\"target\":[\"https:\\\/\\\/bellasartes.edu.py\\\/index.php\\\/libros-en-biblioteca\\\/\"]}]},{\"@type\":\"ImageObject\",\"inLanguage\":\"es\",\"@id\":\"https:\\\/\\\/bellasartes.edu.py\\\/index.php\\\/libros-en-biblioteca\\\/#primaryimage\",\"url\":\"https:\\\/\\\/bellasartes.edu.py\\\/wp-content\\\/uploads\\\/2024\\\/07\\\/MG_5759-1024x819.jpg\",\"contentUrl\":\"https:\\\/\\\/bellasartes.edu.py\\\/wp-content\\\/uploads\\\/2024\\\/07\\\/MG_5759-1024x819.jpg\",\"width\":\"1024\",\"height\":\"819\",\"caption\":\"Consulta los libros de Dise\u00f1o Grafico disponibles en nuestra biblioteca del Instituto Superior de Bellas Artes\"},{\"@type\":\"BreadcrumbList\",\"@id\":\"https:\\\/\\\/bellasartes.edu.py\\\/index.php\\\/libros-en-biblioteca\\\/#breadcrumb\",\"itemListElement\":[{\"@type\":\"ListItem\",\"position\":1,\"name\":\"Home\",\"item\":\"https:\\\/\\\/bellasartes.edu.py\\\/\"},{\"@type\":\"ListItem\",\"position\":2,\"name\":\"Libros de Dise\u00f1o Gr\u00e1fico\"}]},{\"@type\":\"WebSite\",\"@id\":\"https:\\\/\\\/bellasartes.edu.py\\\/#website\",\"url\":\"https:\\\/\\\/bellasartes.edu.py\\\/\",\"name\":\"Instituto Superior de Bellas Artes\",\"description\":\"\",\"publisher\":{\"@id\":\"https:\\\/\\\/bellasartes.edu.py\\\/#organization\"},\"potentialAction\":[{\"@type\":\"SearchAction\",\"target\":{\"@type\":\"EntryPoint\",\"urlTemplate\":\"https:\\\/\\\/bellasartes.edu.py\\\/?s={search_term_string}\"},\"query-input\":{\"@type\":\"PropertyValueSpecification\",\"valueRequired\":true,\"valueName\":\"search_term_string\"}}],\"inLanguage\":\"es\"},{\"@type\":\"Organization\",\"@id\":\"https:\\\/\\\/bellasartes.edu.py\\\/#organization\",\"name\":\"Instituto Superior de Bellas Artes\",\"url\":\"https:\\\/\\\/bellasartes.edu.py\\\/\",\"logo\":{\"@type\":\"ImageObject\",\"inLanguage\":\"es\",\"@id\":\"https:\\\/\\\/bellasartes.edu.py\\\/#\\\/schema\\\/logo\\\/image\\\/\",\"url\":\"https:\\\/\\\/bellasartes.edu.py\\\/wp-content\\\/uploads\\\/2024\\\/03\\\/cropped-imagenes-y-logos_Mesa-de-trabajo-1.png\",\"contentUrl\":\"https:\\\/\\\/bellasartes.edu.py\\\/wp-content\\\/uploads\\\/2024\\\/03\\\/cropped-imagenes-y-logos_Mesa-de-trabajo-1.png\",\"width\":512,\"height\":512,\"caption\":\"Instituto Superior de Bellas Artes\"},\"image\":{\"@id\":\"https:\\\/\\\/bellasartes.edu.py\\\/#\\\/schema\\\/logo\\\/image\\\/\"},\"sameAs\":[\"https:\\\/\\\/www.facebook.com\\\/isbaoficial\",\"https:\\\/\\\/www.instagram.com\\\/bellasartes.py\\\/\",\"https:\\\/\\\/www.linkedin.com\\\/school\\\/74351323\\\/admin\\\/feed\\\/posts\\\/\"]}]}<\/script>\n<!-- \/ Yoast SEO plugin. -->","yoast_head_json":{"title":"Libros de Dise\u00f1o Gr\u00e1fico - Instituto Superior de Bellas Artes","description":"Consulta los libros de Dise\u00f1o Grafico disponibles en nuestra biblioteca del Instituto Superior de Bellas Artes","robots":{"index":"index","follow":"follow","max-snippet":"max-snippet:-1","max-image-preview":"max-image-preview:large","max-video-preview":"max-video-preview:-1"},"canonical":"https:\/\/bellasartes.edu.py\/index.php\/libros-en-biblioteca\/","og_locale":"es_ES","og_type":"article","og_title":"Libros de Dise\u00f1o Gr\u00e1fico - Instituto Superior de Bellas Artes","og_description":"Consulta los libros de Dise\u00f1o Grafico disponibles en nuestra biblioteca del Instituto Superior de Bellas Artes","og_url":"https:\/\/bellasartes.edu.py\/index.php\/libros-en-biblioteca\/","og_site_name":"Instituto Superior de Bellas Artes","article_publisher":"https:\/\/www.facebook.com\/isbaoficial","article_modified_time":"2024-07-26T15:28:10+00:00","og_image":[{"url":"https:\/\/bellasartes.edu.py\/wp-content\/uploads\/2024\/07\/MG_5759-1024x819.jpg","type":"","width":"","height":""}],"twitter_card":"summary_large_image","twitter_image":"https:\/\/bellasartes.edu.py\/wp-content\/uploads\/2024\/07\/MG_5759-1024x819.jpg","twitter_misc":{"Tiempo de lectura":"1 minuto"},"schema":{"@context":"https:\/\/schema.org","@graph":[{"@type":"WebPage","@id":"https:\/\/bellasartes.edu.py\/index.php\/libros-en-biblioteca\/","url":"https:\/\/bellasartes.edu.py\/index.php\/libros-en-biblioteca\/","name":"Libros de Dise\u00f1o Gr\u00e1fico - Instituto Superior de Bellas Artes","isPartOf":{"@id":"https:\/\/bellasartes.edu.py\/#website"},"primaryImageOfPage":{"@id":"https:\/\/bellasartes.edu.py\/index.php\/libros-en-biblioteca\/#primaryimage"},"image":{"@id":"https:\/\/bellasartes.edu.py\/index.php\/libros-en-biblioteca\/#primaryimage"},"thumbnailUrl":"https:\/\/bellasartes.edu.py\/wp-content\/uploads\/2024\/07\/MG_5759-1024x819.jpg","datePublished":"2024-07-11T01:57:56+00:00","dateModified":"2024-07-26T15:28:10+00:00","description":"Consulta los libros de Dise\u00f1o Grafico disponibles en nuestra biblioteca del Instituto Superior de Bellas Artes","breadcrumb":{"@id":"https:\/\/bellasartes.edu.py\/index.php\/libros-en-biblioteca\/#breadcrumb"},"inLanguage":"es","potentialAction":[{"@type":"ReadAction","target":["https:\/\/bellasartes.edu.py\/index.php\/libros-en-biblioteca\/"]}]},{"@type":"ImageObject","inLanguage":"es","@id":"https:\/\/bellasartes.edu.py\/index.php\/libros-en-biblioteca\/#primaryimage","url":"https:\/\/bellasartes.edu.py\/wp-content\/uploads\/2024\/07\/MG_5759-1024x819.jpg","contentUrl":"https:\/\/bellasartes.edu.py\/wp-content\/uploads\/2024\/07\/MG_5759-1024x819.jpg","width":"1024","height":"819","caption":"Consulta los libros de Dise\u00f1o Grafico disponibles en nuestra biblioteca del Instituto Superior de Bellas Artes"},{"@type":"BreadcrumbList","@id":"https:\/\/bellasartes.edu.py\/index.php\/libros-en-biblioteca\/#breadcrumb","itemListElement":[{"@type":"ListItem","position":1,"name":"Home","item":"https:\/\/bellasartes.edu.py\/"},{"@type":"ListItem","position":2,"name":"Libros de Dise\u00f1o Gr\u00e1fico"}]},{"@type":"WebSite","@id":"https:\/\/bellasartes.edu.py\/#website","url":"https:\/\/bellasartes.edu.py\/","name":"Instituto Superior de Bellas Artes","description":"","publisher":{"@id":"https:\/\/bellasartes.edu.py\/#organization"},"potentialAction":[{"@type":"SearchAction","target":{"@type":"EntryPoint","urlTemplate":"https:\/\/bellasartes.edu.py\/?s={search_term_string}"},"query-input":{"@type":"PropertyValueSpecification","valueRequired":true,"valueName":"search_term_string"}}],"inLanguage":"es"},{"@type":"Organization","@id":"https:\/\/bellasartes.edu.py\/#organization","name":"Instituto Superior de Bellas Artes","url":"https:\/\/bellasartes.edu.py\/","logo":{"@type":"ImageObject","inLanguage":"es","@id":"https:\/\/bellasartes.edu.py\/#\/schema\/logo\/image\/","url":"https:\/\/bellasartes.edu.py\/wp-content\/uploads\/2024\/03\/cropped-imagenes-y-logos_Mesa-de-trabajo-1.png","contentUrl":"https:\/\/bellasartes.edu.py\/wp-content\/uploads\/2024\/03\/cropped-imagenes-y-logos_Mesa-de-trabajo-1.png","width":512,"height":512,"caption":"Instituto Superior de Bellas Artes"},"image":{"@id":"https:\/\/bellasartes.edu.py\/#\/schema\/logo\/image\/"},"sameAs":["https:\/\/www.facebook.com\/isbaoficial","https:\/\/www.instagram.com\/bellasartes.py\/","https:\/\/www.linkedin.com\/school\/74351323\/admin\/feed\/posts\/"]}]}},"jetpack_sharing_enabled":true,"_links":{"self":[{"href":"https:\/\/bellasartes.edu.py\/index.php\/wp-json\/wp\/v2\/pages\/4086","targetHints":{"allow":["GET"]}}],"collection":[{"href":"https:\/\/bellasartes.edu.py\/index.php\/wp-json\/wp\/v2\/pages"}],"about":[{"href":"https:\/\/bellasartes.edu.py\/index.php\/wp-json\/wp\/v2\/types\/page"}],"author":[{"embeddable":true,"href":"https:\/\/bellasartes.edu.py\/index.php\/wp-json\/wp\/v2\/users\/3"}],"replies":[{"embeddable":true,"href":"https:\/\/bellasartes.edu.py\/index.php\/wp-json\/wp\/v2\/comments?post=4086"}],"version-history":[{"count":22,"href":"https:\/\/bellasartes.edu.py\/index.php\/wp-json\/wp\/v2\/pages\/4086\/revisions"}],"predecessor-version":[{"id":4646,"href":"https:\/\/bellasartes.edu.py\/index.php\/wp-json\/wp\/v2\/pages\/4086\/revisions\/4646"}],"wp:featuredmedia":[{"embeddable":true,"href":"https:\/\/bellasartes.edu.py\/index.php\/wp-json\/wp\/v2\/media\/4647"}],"wp:attachment":[{"href":"https:\/\/bellasartes.edu.py\/index.php\/wp-json\/wp\/v2\/media?parent=4086"}],"curies":[{"name":"wp","href":"https:\/\/api.w.org\/{rel}","templated":true}]}}