{"id":5702,"date":"2025-08-22T13:29:42","date_gmt":"2025-08-22T13:29:42","guid":{"rendered":"https:\/\/bellasartes.edu.py\/?page_id=5702"},"modified":"2025-08-22T19:37:39","modified_gmt":"2025-08-22T19:37:39","slug":"chacu-guarani","status":"publish","type":"page","link":"https:\/\/bellasartes.edu.py\/index.php\/chacu-guarani\/","title":{"rendered":"CHAC\u00da-GUARANI"},"content":{"rendered":"<p>[et_pb_section fb_built=\u00bb1&#8243; _builder_version=\u00bb4.27.2&#8243; _module_preset=\u00bbdefault\u00bb global_colors_info=\u00bb{}\u00bb][et_pb_row column_structure=\u00bb1_3,2_3&#8243; _builder_version=\u00bb4.27.2&#8243; _module_preset=\u00bbdefault\u00bb global_colors_info=\u00bb{}\u00bb][et_pb_column type=\u00bb1_3&#8243; _builder_version=\u00bb4.27.2&#8243; _module_preset=\u00bbdefault\u00bb global_colors_info=\u00bb{}\u00bb][et_pb_image src=\u00bbhttps:\/\/bellasartes.edu.py\/wp-content\/uploads\/2025\/08\/imgi_1_AN7BsVBj1vnMRZhDTaJIkVnJDGmhdyfaZhgHB63wCytuwXroC_HRi1G_7LlyAGde_rr72DcPVNmwxoSV7zncJ_rzes-PbBSTBjL2WKoZkSGjZ0Q6eA_uRhh24Vpc6bvTSQv0XJyylNbuRZPu9YCcctlRDBS5lww1079.png\u00bb title_text=\u00bbchac\u00fa guarani 26&#8243; _builder_version=\u00bb4.27.2&#8243; _module_preset=\u00bbdefault\u00bb width=\u00bb100%\u00bb width_tablet=\u00bb60%\u00bb width_phone=\u00bb65%\u00bb width_last_edited=\u00bbon|phone\u00bb module_alignment=\u00bbleft\u00bb module_alignment_tablet=\u00bbcenter\u00bb module_alignment_phone=\u00bbcenter\u00bb module_alignment_last_edited=\u00bbon|tablet\u00bb global_colors_info=\u00bb{}\u00bb][\/et_pb_image][\/et_pb_column][et_pb_column type=\u00bb2_3&#8243; _builder_version=\u00bb4.27.2&#8243; _module_preset=\u00bbdefault\u00bb global_colors_info=\u00bb{}\u00bb][et_pb_text _builder_version=\u00bb4.27.2&#8243; _module_preset=\u00bbdefault\u00bb global_colors_info=\u00bb{}\u00bb]<\/p>\n<h2>FERIA DEL LIBRO CHAC\u00da-GUARANI<\/h2>\n<p>La Feria del Libro Chac\u00fa-Guarani ha sido considerada como el m\u00e1s importante<br \/>encuentro de las letras de Paraguay y del nordeste de Argentina. Consiste en una feria del<br \/>libro binacional de car\u00e1cter gratuito, donde se genera un espacio de identidad cultural que<br \/>promueve las pol\u00edticas de fortalecimiento de la Regi\u00f3n Compartida Chaco-Paraguay, donde<br \/>los autores de Paraguay y autores del Norte de Argentina son los protagonistas de un<br \/>encuentro que busca la armon\u00eda entre expresi\u00f3n del arte regional, la cultura cl\u00e1sica y<br \/>contempor\u00e1nea, y la industria del libro, a trav\u00e9s de un intercambio activo de escritores y de<br \/>sus producciones a lo largo de toda la feria, tanto en su sede de Asunci\u00f3n como en la de<br \/>Resistencia, Chaco.<\/p>\n<p>Su XXVI edici\u00f3n, se realizar\u00e1 del 05 al 15 de marzo del 2026 en diferentes espacios<br \/>del Centro Cultural del Puerto de Asunci\u00f3n de 9:00 a 21:00 h, y simult\u00e1neamente en el<br \/>Centro Cultural del Nordeste, en Resistencia, Chaco, Rep\u00fablica Argentina.<\/p>\n<p>Ambas ferias propician un especial acercamiento entre escritores, lectores, editores,<br \/>imprentas y librer\u00edas y representa tambi\u00e9n la oportunidad ideal para que artistas de<br \/>diferentes expresiones y medios lleguen a los p\u00fablicos locales a trav\u00e9s de la artesan\u00eda, el<br \/>canto, la pintura, la ilustraci\u00f3n, las producciones audiovisuales, la danza y otras expresiones<br \/>culturales.<\/p>\n<p>[\/et_pb_text][\/et_pb_column][\/et_pb_row][et_pb_row _builder_version=\u00bb4.27.2&#8243; _module_preset=\u00bbdefault\u00bb][et_pb_column _builder_version=\u00bb4.27.2&#8243; _module_preset=\u00bbdefault\u00bb type=\u00bb4_4&#8243;][et_pb_text _builder_version=\u00bb4.27.2&#8243; _module_preset=\u00bbdefault\u00bb hover_enabled=\u00bb0&#8243; global_colors_info=\u00bb{}\u00bb sticky_enabled=\u00bb0&#8243;]<\/p>\n<h3>Si deseas ser parte de la 26\u00ba edici\u00f3n de la Feria del Libro Chac\u00fa-Guarani, puedes registrar tu propuesta de actividad aqu\u00ed.<\/h3>\n<p>[\/et_pb_text][\/et_pb_column][\/et_pb_row][et_pb_row _builder_version=\u00bb4.27.2&#8243; _module_preset=\u00bbdefault\u00bb column_structure=\u00bb1_3,1_3,1_3&#8243; hover_enabled=\u00bb0&#8243; sticky_enabled=\u00bb0&#8243;][et_pb_column _builder_version=\u00bb4.27.2&#8243; _module_preset=\u00bbdefault\u00bb type=\u00bb1_3&#8243;][et_pb_button button_url=\u00bbhttps:\/\/drive.google.com\/file\/d\/16_0et6XsiZE0uDyOicrbonac4TNSINCF\/view?usp=sharing\u00bb button_text=\u00bbReglamento\u00bb _builder_version=\u00bb4.27.2&#8243; _module_preset=\u00bbdefault\u00bb hover_enabled=\u00bb0&#8243; global_colors_info=\u00bb{}\u00bb sticky_enabled=\u00bb0&#8243;][\/et_pb_button][\/et_pb_column][et_pb_column _builder_version=\u00bb4.27.2&#8243; _module_preset=\u00bbdefault\u00bb type=\u00bb1_3&#8243;][et_pb_button button_url=\u00bbhttps:\/\/forms.gle\/jUD3KuYXfJFPf7CS6&#8243; button_text=\u00bbInscribirse\u00bb _builder_version=\u00bb4.27.2&#8243; _module_preset=\u00bbdefault\u00bb hover_enabled=\u00bb0&#8243; global_colors_info=\u00bb{}\u00bb sticky_enabled=\u00bb0&#8243;][\/et_pb_button][\/et_pb_column][et_pb_column _builder_version=\u00bb4.27.2&#8243; _module_preset=\u00bbdefault\u00bb type=\u00bb1_3&#8243; hover_enabled=\u00bb0&#8243; sticky_enabled=\u00bb0&#8243;][\/et_pb_column][\/et_pb_row][\/et_pb_section][et_pb_section fb_built=\u00bb1&#8243; _builder_version=\u00bb4.27.2&#8243; _module_preset=\u00bbdefault\u00bb global_colors_info=\u00bb{}\u00bb][et_pb_row _builder_version=\u00bb4.27.2&#8243; _module_preset=\u00bbdefault\u00bb global_colors_info=\u00bb{}\u00bb][et_pb_column type=\u00bb4_4&#8243; _builder_version=\u00bb4.27.2&#8243; _module_preset=\u00bbdefault\u00bb global_colors_info=\u00bb{}\u00bb][et_pb_code _builder_version=\u00bb4.27.2&#8243; _module_preset=\u00bbdefault\u00bb global_colors_info=\u00bb{}\u00bb]<div id=\"metaslider-id-5718\" style=\"width: 100%;\" class=\"ml-slider-3-102-0 metaslider metaslider-flex metaslider-5718 ml-slider has-dots-nav ms-theme-default-base\" role=\"region\" aria-label=\"Nueva presentaci\u00f3n de diapositivas\" data-height=\"300\" data-width=\"700\">\n    <div id=\"metaslider_container_5718\">\n        <div id=\"metaslider_5718\">\n            <ul aria-live='off' class='slides'>\n                <li style=\"display: block; width: 100%;\" class=\"slide-5729 ms-image \" aria-roledescription=\"slide\" data-date=\"2025-08-22 13:23:37\" data-slide-type=\"image\"><img loading=\"lazy\" decoding=\"async\" src=\"https:\/\/bellasartes.edu.py\/wp-content\/uploads\/2025\/08\/DSC00698-scaled-700x300.jpg\" height=\"300\" width=\"700\" alt=\"\" class=\"slider-5718 slide-5729 msDefaultImage\" title=\"DSC00698\" \/><\/li>\n                <li style=\"display: none; width: 100%;\" class=\"slide-5719 ms-image \" aria-roledescription=\"slide\" data-date=\"2025-08-22 13:23:35\" data-slide-type=\"image\"><img loading=\"lazy\" decoding=\"async\" src=\"https:\/\/bellasartes.edu.py\/wp-content\/uploads\/2025\/08\/DSC00680-scaled-700x300.jpg\" height=\"300\" width=\"700\" alt=\"\" class=\"slider-5718 slide-5719 msDefaultImage\" title=\"DSC00680\" \/><\/li>\n                <li style=\"display: none; width: 100%;\" class=\"slide-5728 ms-image \" aria-roledescription=\"slide\" data-date=\"2025-08-22 13:23:37\" data-slide-type=\"image\"><img loading=\"lazy\" decoding=\"async\" src=\"https:\/\/bellasartes.edu.py\/wp-content\/uploads\/2025\/08\/DSC00718-scaled-700x300.jpg\" height=\"300\" width=\"700\" alt=\"\" class=\"slider-5718 slide-5728 msDefaultImage\" title=\"DSC00718\" \/><\/li>\n                <li style=\"display: none; width: 100%;\" class=\"slide-5720 ms-image \" aria-roledescription=\"slide\" data-date=\"2025-08-22 13:23:35\" data-slide-type=\"image\"><img loading=\"lazy\" decoding=\"async\" src=\"https:\/\/bellasartes.edu.py\/wp-content\/uploads\/2025\/08\/MG_9658-scaled-700x300.jpg\" height=\"300\" width=\"700\" alt=\"\" class=\"slider-5718 slide-5720 msDefaultImage\" title=\"_MG_9658\" \/><\/li>\n                <li style=\"display: none; width: 100%;\" class=\"slide-5721 ms-image \" aria-roledescription=\"slide\" data-date=\"2025-08-22 13:23:36\" data-slide-type=\"image\"><img loading=\"lazy\" decoding=\"async\" src=\"https:\/\/bellasartes.edu.py\/wp-content\/uploads\/2025\/08\/MG_9648-scaled-700x300.jpg\" height=\"300\" width=\"700\" alt=\"\" class=\"slider-5718 slide-5721 msDefaultImage\" title=\"_MG_9648\" \/><\/li>\n                <li style=\"display: none; width: 100%;\" class=\"slide-5722 ms-image \" aria-roledescription=\"slide\" data-date=\"2025-08-22 13:23:36\" data-slide-type=\"image\"><img loading=\"lazy\" decoding=\"async\" src=\"https:\/\/bellasartes.edu.py\/wp-content\/uploads\/2025\/08\/MG_9689-scaled-700x300.jpg\" height=\"300\" width=\"700\" alt=\"\" class=\"slider-5718 slide-5722 msDefaultImage\" title=\"_MG_9689\" \/><\/li>\n                <li style=\"display: none; width: 100%;\" class=\"slide-5723 ms-image \" aria-roledescription=\"slide\" data-date=\"2025-08-22 13:23:36\" data-slide-type=\"image\"><img loading=\"lazy\" decoding=\"async\" src=\"https:\/\/bellasartes.edu.py\/wp-content\/uploads\/2025\/08\/DSC00584-scaled-700x300.jpg\" height=\"300\" width=\"700\" alt=\"\" class=\"slider-5718 slide-5723 msDefaultImage\" title=\"DSC00584\" \/><\/li>\n                <li style=\"display: none; width: 100%;\" class=\"slide-5724 ms-image \" aria-roledescription=\"slide\" data-date=\"2025-08-22 13:23:36\" data-slide-type=\"image\"><img loading=\"lazy\" decoding=\"async\" src=\"https:\/\/bellasartes.edu.py\/wp-content\/uploads\/2025\/08\/DSC00581-scaled-700x300.jpg\" height=\"300\" width=\"700\" alt=\"\" class=\"slider-5718 slide-5724 msDefaultImage\" title=\"DSC00581\" \/><\/li>\n                <li style=\"display: none; width: 100%;\" class=\"slide-5725 ms-image \" aria-roledescription=\"slide\" data-date=\"2025-08-22 13:23:36\" data-slide-type=\"image\"><img loading=\"lazy\" decoding=\"async\" src=\"https:\/\/bellasartes.edu.py\/wp-content\/uploads\/2025\/08\/DSC00600-scaled-700x300.jpg\" height=\"300\" width=\"700\" alt=\"\" class=\"slider-5718 slide-5725 msDefaultImage\" title=\"DSC00600\" \/><\/li>\n                <li style=\"display: none; width: 100%;\" class=\"slide-5726 ms-image \" aria-roledescription=\"slide\" data-date=\"2025-08-22 13:23:36\" data-slide-type=\"image\"><img loading=\"lazy\" decoding=\"async\" src=\"https:\/\/bellasartes.edu.py\/wp-content\/uploads\/2025\/08\/DSC00563-scaled-700x300.jpg\" height=\"300\" width=\"700\" alt=\"\" class=\"slider-5718 slide-5726 msDefaultImage\" title=\"DSC00563\" \/><\/li>\n                <li style=\"display: none; width: 100%;\" class=\"slide-5727 ms-image \" aria-roledescription=\"slide\" data-date=\"2025-08-22 13:23:36\" data-slide-type=\"image\"><img loading=\"lazy\" decoding=\"async\" src=\"https:\/\/bellasartes.edu.py\/wp-content\/uploads\/2025\/08\/DSC00557-scaled-700x300.jpg\" height=\"300\" width=\"700\" alt=\"\" class=\"slider-5718 slide-5727 msDefaultImage\" title=\"DSC00557\" \/><\/li>\n            <\/ul>\n        <\/div>\n        \n    <\/div>\n<\/div>[\/et_pb_code][\/et_pb_column][\/et_pb_row][\/et_pb_section]<\/p>\n","protected":false},"excerpt":{"rendered":"<p>FERIA DEL LIBRO CHAC\u00da-GUARANI La Feria del Libro Chac\u00fa-Guarani ha sido considerada como el m\u00e1s importanteencuentro de las letras de Paraguay y del nordeste de Argentina. Consiste en una feria dellibro binacional de car\u00e1cter gratuito, donde se genera un espacio de identidad cultural quepromueve las pol\u00edticas de fortalecimiento de la Regi\u00f3n Compartida Chaco-Paraguay, dondelos autores [&hellip;]<\/p>\n","protected":false},"author":3,"featured_media":5704,"parent":0,"menu_order":0,"comment_status":"closed","ping_status":"closed","template":"","meta":{"_et_pb_use_builder":"on","_et_pb_old_content":"","_et_gb_content_width":"","inline_featured_image":false,"footnotes":""},"class_list":["post-5702","page","type-page","status-publish","has-post-thumbnail","hentry"],"yoast_head":"<!-- This site is optimized with the Yoast SEO plugin v27.3 - https:\/\/yoast.com\/product\/yoast-seo-wordpress\/ -->\n<title>FERIA DEL LIBRO CHAC\u00da-GUARANI<\/title>\n<meta name=\"description\" content=\"La Feria del Libro Chac\u00fa-Guarani ha sido considerada como el m\u00e1s importante encuentro de las letras de Paraguay y del nordeste de Argentina.\" \/>\n<meta name=\"robots\" content=\"index, follow, max-snippet:-1, max-image-preview:large, max-video-preview:-1\" \/>\n<link rel=\"canonical\" href=\"https:\/\/bellasartes.edu.py\/index.php\/chacu-guarani\/\" \/>\n<meta property=\"og:locale\" content=\"es_ES\" \/>\n<meta property=\"og:type\" content=\"article\" \/>\n<meta property=\"og:title\" content=\"FERIA DEL LIBRO CHAC\u00da-GUARANI\" \/>\n<meta property=\"og:description\" content=\"La Feria del Libro Chac\u00fa-Guarani ha sido considerada como el m\u00e1s importante encuentro de las letras de Paraguay y del nordeste de Argentina.\" \/>\n<meta property=\"og:url\" content=\"https:\/\/bellasartes.edu.py\/index.php\/chacu-guarani\/\" \/>\n<meta property=\"og:site_name\" content=\"Instituto Superior de Bellas Artes\" \/>\n<meta property=\"article:publisher\" content=\"https:\/\/www.facebook.com\/isbaoficial\" \/>\n<meta property=\"article:modified_time\" content=\"2025-08-22T19:37:39+00:00\" \/>\n<meta property=\"og:image\" content=\"http:\/\/bellasartes.edu.py\/wp-content\/uploads\/2025\/08\/imgi_1_AN7BsVBj1vnMRZhDTaJIkVnJDGmhdyfaZhgHB63wCytuwXroC_HRi1G_7LlyAGde_rr72DcPVNmwxoSV7zncJ_rzes-PbBSTBjL2WKoZkSGjZ0Q6eA_uRhh24Vpc6bvTSQv0XJyylNbuRZPu9YCcctlRDBS5lww1079.png\" \/>\n\t<meta property=\"og:image:width\" content=\"1079\" \/>\n\t<meta property=\"og:image:height\" content=\"985\" \/>\n\t<meta property=\"og:image:type\" content=\"image\/png\" \/>\n<meta name=\"twitter:card\" content=\"summary_large_image\" \/>\n<meta name=\"twitter:label1\" content=\"Tiempo de lectura\" \/>\n\t<meta name=\"twitter:data1\" content=\"3 minutos\" \/>\n<script type=\"application\/ld+json\" class=\"yoast-schema-graph\">{\"@context\":\"https:\\\/\\\/schema.org\",\"@graph\":[{\"@type\":\"WebPage\",\"@id\":\"https:\\\/\\\/bellasartes.edu.py\\\/index.php\\\/chacu-guarani\\\/\",\"url\":\"https:\\\/\\\/bellasartes.edu.py\\\/index.php\\\/chacu-guarani\\\/\",\"name\":\"FERIA DEL LIBRO CHAC\u00da-GUARANI\",\"isPartOf\":{\"@id\":\"https:\\\/\\\/bellasartes.edu.py\\\/#website\"},\"primaryImageOfPage\":{\"@id\":\"https:\\\/\\\/bellasartes.edu.py\\\/index.php\\\/chacu-guarani\\\/#primaryimage\"},\"image\":{\"@id\":\"https:\\\/\\\/bellasartes.edu.py\\\/index.php\\\/chacu-guarani\\\/#primaryimage\"},\"thumbnailUrl\":\"https:\\\/\\\/bellasartes.edu.py\\\/wp-content\\\/uploads\\\/2025\\\/08\\\/imgi_1_AN7BsVBj1vnMRZhDTaJIkVnJDGmhdyfaZhgHB63wCytuwXroC_HRi1G_7LlyAGde_rr72DcPVNmwxoSV7zncJ_rzes-PbBSTBjL2WKoZkSGjZ0Q6eA_uRhh24Vpc6bvTSQv0XJyylNbuRZPu9YCcctlRDBS5lww1079.png\",\"datePublished\":\"2025-08-22T13:29:42+00:00\",\"dateModified\":\"2025-08-22T19:37:39+00:00\",\"description\":\"La Feria del Libro Chac\u00fa-Guarani ha sido considerada como el m\u00e1s importante encuentro de las letras de Paraguay y del nordeste de Argentina.\",\"breadcrumb\":{\"@id\":\"https:\\\/\\\/bellasartes.edu.py\\\/index.php\\\/chacu-guarani\\\/#breadcrumb\"},\"inLanguage\":\"es\",\"potentialAction\":[{\"@type\":\"ReadAction\",\"target\":[\"https:\\\/\\\/bellasartes.edu.py\\\/index.php\\\/chacu-guarani\\\/\"]}]},{\"@type\":\"ImageObject\",\"inLanguage\":\"es\",\"@id\":\"https:\\\/\\\/bellasartes.edu.py\\\/index.php\\\/chacu-guarani\\\/#primaryimage\",\"url\":\"https:\\\/\\\/bellasartes.edu.py\\\/wp-content\\\/uploads\\\/2025\\\/08\\\/imgi_1_AN7BsVBj1vnMRZhDTaJIkVnJDGmhdyfaZhgHB63wCytuwXroC_HRi1G_7LlyAGde_rr72DcPVNmwxoSV7zncJ_rzes-PbBSTBjL2WKoZkSGjZ0Q6eA_uRhh24Vpc6bvTSQv0XJyylNbuRZPu9YCcctlRDBS5lww1079.png\",\"contentUrl\":\"https:\\\/\\\/bellasartes.edu.py\\\/wp-content\\\/uploads\\\/2025\\\/08\\\/imgi_1_AN7BsVBj1vnMRZhDTaJIkVnJDGmhdyfaZhgHB63wCytuwXroC_HRi1G_7LlyAGde_rr72DcPVNmwxoSV7zncJ_rzes-PbBSTBjL2WKoZkSGjZ0Q6eA_uRhh24Vpc6bvTSQv0XJyylNbuRZPu9YCcctlRDBS5lww1079.png\",\"width\":1079,\"height\":985},{\"@type\":\"BreadcrumbList\",\"@id\":\"https:\\\/\\\/bellasartes.edu.py\\\/index.php\\\/chacu-guarani\\\/#breadcrumb\",\"itemListElement\":[{\"@type\":\"ListItem\",\"position\":1,\"name\":\"Home\",\"item\":\"https:\\\/\\\/bellasartes.edu.py\\\/\"},{\"@type\":\"ListItem\",\"position\":2,\"name\":\"CHAC\u00da-GUARANI\"}]},{\"@type\":\"WebSite\",\"@id\":\"https:\\\/\\\/bellasartes.edu.py\\\/#website\",\"url\":\"https:\\\/\\\/bellasartes.edu.py\\\/\",\"name\":\"Instituto Superior de Bellas Artes\",\"description\":\"\",\"publisher\":{\"@id\":\"https:\\\/\\\/bellasartes.edu.py\\\/#organization\"},\"potentialAction\":[{\"@type\":\"SearchAction\",\"target\":{\"@type\":\"EntryPoint\",\"urlTemplate\":\"https:\\\/\\\/bellasartes.edu.py\\\/?s={search_term_string}\"},\"query-input\":{\"@type\":\"PropertyValueSpecification\",\"valueRequired\":true,\"valueName\":\"search_term_string\"}}],\"inLanguage\":\"es\"},{\"@type\":\"Organization\",\"@id\":\"https:\\\/\\\/bellasartes.edu.py\\\/#organization\",\"name\":\"Instituto Superior de Bellas Artes\",\"url\":\"https:\\\/\\\/bellasartes.edu.py\\\/\",\"logo\":{\"@type\":\"ImageObject\",\"inLanguage\":\"es\",\"@id\":\"https:\\\/\\\/bellasartes.edu.py\\\/#\\\/schema\\\/logo\\\/image\\\/\",\"url\":\"https:\\\/\\\/bellasartes.edu.py\\\/wp-content\\\/uploads\\\/2024\\\/03\\\/cropped-imagenes-y-logos_Mesa-de-trabajo-1.png\",\"contentUrl\":\"https:\\\/\\\/bellasartes.edu.py\\\/wp-content\\\/uploads\\\/2024\\\/03\\\/cropped-imagenes-y-logos_Mesa-de-trabajo-1.png\",\"width\":512,\"height\":512,\"caption\":\"Instituto Superior de Bellas Artes\"},\"image\":{\"@id\":\"https:\\\/\\\/bellasartes.edu.py\\\/#\\\/schema\\\/logo\\\/image\\\/\"},\"sameAs\":[\"https:\\\/\\\/www.facebook.com\\\/isbaoficial\",\"https:\\\/\\\/www.instagram.com\\\/bellasartes.py\\\/\",\"https:\\\/\\\/www.linkedin.com\\\/school\\\/74351323\\\/admin\\\/feed\\\/posts\\\/\"]}]}<\/script>\n<!-- \/ Yoast SEO plugin. -->","yoast_head_json":{"title":"FERIA DEL LIBRO CHAC\u00da-GUARANI","description":"La Feria del Libro Chac\u00fa-Guarani ha sido considerada como el m\u00e1s importante encuentro de las letras de Paraguay y del nordeste de Argentina.","robots":{"index":"index","follow":"follow","max-snippet":"max-snippet:-1","max-image-preview":"max-image-preview:large","max-video-preview":"max-video-preview:-1"},"canonical":"https:\/\/bellasartes.edu.py\/index.php\/chacu-guarani\/","og_locale":"es_ES","og_type":"article","og_title":"FERIA DEL LIBRO CHAC\u00da-GUARANI","og_description":"La Feria del Libro Chac\u00fa-Guarani ha sido considerada como el m\u00e1s importante encuentro de las letras de Paraguay y del nordeste de Argentina.","og_url":"https:\/\/bellasartes.edu.py\/index.php\/chacu-guarani\/","og_site_name":"Instituto Superior de Bellas Artes","article_publisher":"https:\/\/www.facebook.com\/isbaoficial","article_modified_time":"2025-08-22T19:37:39+00:00","og_image":[{"width":1079,"height":985,"url":"http:\/\/bellasartes.edu.py\/wp-content\/uploads\/2025\/08\/imgi_1_AN7BsVBj1vnMRZhDTaJIkVnJDGmhdyfaZhgHB63wCytuwXroC_HRi1G_7LlyAGde_rr72DcPVNmwxoSV7zncJ_rzes-PbBSTBjL2WKoZkSGjZ0Q6eA_uRhh24Vpc6bvTSQv0XJyylNbuRZPu9YCcctlRDBS5lww1079.png","type":"image\/png"}],"twitter_card":"summary_large_image","twitter_misc":{"Tiempo de lectura":"3 minutos"},"schema":{"@context":"https:\/\/schema.org","@graph":[{"@type":"WebPage","@id":"https:\/\/bellasartes.edu.py\/index.php\/chacu-guarani\/","url":"https:\/\/bellasartes.edu.py\/index.php\/chacu-guarani\/","name":"FERIA DEL LIBRO CHAC\u00da-GUARANI","isPartOf":{"@id":"https:\/\/bellasartes.edu.py\/#website"},"primaryImageOfPage":{"@id":"https:\/\/bellasartes.edu.py\/index.php\/chacu-guarani\/#primaryimage"},"image":{"@id":"https:\/\/bellasartes.edu.py\/index.php\/chacu-guarani\/#primaryimage"},"thumbnailUrl":"https:\/\/bellasartes.edu.py\/wp-content\/uploads\/2025\/08\/imgi_1_AN7BsVBj1vnMRZhDTaJIkVnJDGmhdyfaZhgHB63wCytuwXroC_HRi1G_7LlyAGde_rr72DcPVNmwxoSV7zncJ_rzes-PbBSTBjL2WKoZkSGjZ0Q6eA_uRhh24Vpc6bvTSQv0XJyylNbuRZPu9YCcctlRDBS5lww1079.png","datePublished":"2025-08-22T13:29:42+00:00","dateModified":"2025-08-22T19:37:39+00:00","description":"La Feria del Libro Chac\u00fa-Guarani ha sido considerada como el m\u00e1s importante encuentro de las letras de Paraguay y del nordeste de Argentina.","breadcrumb":{"@id":"https:\/\/bellasartes.edu.py\/index.php\/chacu-guarani\/#breadcrumb"},"inLanguage":"es","potentialAction":[{"@type":"ReadAction","target":["https:\/\/bellasartes.edu.py\/index.php\/chacu-guarani\/"]}]},{"@type":"ImageObject","inLanguage":"es","@id":"https:\/\/bellasartes.edu.py\/index.php\/chacu-guarani\/#primaryimage","url":"https:\/\/bellasartes.edu.py\/wp-content\/uploads\/2025\/08\/imgi_1_AN7BsVBj1vnMRZhDTaJIkVnJDGmhdyfaZhgHB63wCytuwXroC_HRi1G_7LlyAGde_rr72DcPVNmwxoSV7zncJ_rzes-PbBSTBjL2WKoZkSGjZ0Q6eA_uRhh24Vpc6bvTSQv0XJyylNbuRZPu9YCcctlRDBS5lww1079.png","contentUrl":"https:\/\/bellasartes.edu.py\/wp-content\/uploads\/2025\/08\/imgi_1_AN7BsVBj1vnMRZhDTaJIkVnJDGmhdyfaZhgHB63wCytuwXroC_HRi1G_7LlyAGde_rr72DcPVNmwxoSV7zncJ_rzes-PbBSTBjL2WKoZkSGjZ0Q6eA_uRhh24Vpc6bvTSQv0XJyylNbuRZPu9YCcctlRDBS5lww1079.png","width":1079,"height":985},{"@type":"BreadcrumbList","@id":"https:\/\/bellasartes.edu.py\/index.php\/chacu-guarani\/#breadcrumb","itemListElement":[{"@type":"ListItem","position":1,"name":"Home","item":"https:\/\/bellasartes.edu.py\/"},{"@type":"ListItem","position":2,"name":"CHAC\u00da-GUARANI"}]},{"@type":"WebSite","@id":"https:\/\/bellasartes.edu.py\/#website","url":"https:\/\/bellasartes.edu.py\/","name":"Instituto Superior de Bellas Artes","description":"","publisher":{"@id":"https:\/\/bellasartes.edu.py\/#organization"},"potentialAction":[{"@type":"SearchAction","target":{"@type":"EntryPoint","urlTemplate":"https:\/\/bellasartes.edu.py\/?s={search_term_string}"},"query-input":{"@type":"PropertyValueSpecification","valueRequired":true,"valueName":"search_term_string"}}],"inLanguage":"es"},{"@type":"Organization","@id":"https:\/\/bellasartes.edu.py\/#organization","name":"Instituto Superior de Bellas Artes","url":"https:\/\/bellasartes.edu.py\/","logo":{"@type":"ImageObject","inLanguage":"es","@id":"https:\/\/bellasartes.edu.py\/#\/schema\/logo\/image\/","url":"https:\/\/bellasartes.edu.py\/wp-content\/uploads\/2024\/03\/cropped-imagenes-y-logos_Mesa-de-trabajo-1.png","contentUrl":"https:\/\/bellasartes.edu.py\/wp-content\/uploads\/2024\/03\/cropped-imagenes-y-logos_Mesa-de-trabajo-1.png","width":512,"height":512,"caption":"Instituto Superior de Bellas Artes"},"image":{"@id":"https:\/\/bellasartes.edu.py\/#\/schema\/logo\/image\/"},"sameAs":["https:\/\/www.facebook.com\/isbaoficial","https:\/\/www.instagram.com\/bellasartes.py\/","https:\/\/www.linkedin.com\/school\/74351323\/admin\/feed\/posts\/"]}]}},"jetpack_sharing_enabled":true,"_links":{"self":[{"href":"https:\/\/bellasartes.edu.py\/index.php\/wp-json\/wp\/v2\/pages\/5702","targetHints":{"allow":["GET"]}}],"collection":[{"href":"https:\/\/bellasartes.edu.py\/index.php\/wp-json\/wp\/v2\/pages"}],"about":[{"href":"https:\/\/bellasartes.edu.py\/index.php\/wp-json\/wp\/v2\/types\/page"}],"author":[{"embeddable":true,"href":"https:\/\/bellasartes.edu.py\/index.php\/wp-json\/wp\/v2\/users\/3"}],"replies":[{"embeddable":true,"href":"https:\/\/bellasartes.edu.py\/index.php\/wp-json\/wp\/v2\/comments?post=5702"}],"version-history":[{"count":6,"href":"https:\/\/bellasartes.edu.py\/index.php\/wp-json\/wp\/v2\/pages\/5702\/revisions"}],"predecessor-version":[{"id":5741,"href":"https:\/\/bellasartes.edu.py\/index.php\/wp-json\/wp\/v2\/pages\/5702\/revisions\/5741"}],"wp:featuredmedia":[{"embeddable":true,"href":"https:\/\/bellasartes.edu.py\/index.php\/wp-json\/wp\/v2\/media\/5704"}],"wp:attachment":[{"href":"https:\/\/bellasartes.edu.py\/index.php\/wp-json\/wp\/v2\/media?parent=5702"}],"curies":[{"name":"wp","href":"https:\/\/api.w.org\/{rel}","templated":true}]}}